{"id":487,"date":"2023-08-03T11:51:31","date_gmt":"2023-08-03T09:51:31","guid":{"rendered":"http:\/\/elgourmetcerda.com\/vinos\/"},"modified":"2023-11-27T10:59:39","modified_gmt":"2023-11-27T08:59:39","slug":"vinos","status":"publish","type":"page","link":"https:\/\/elgourmetcerda.com\/es\/vinos\/","title":{"rendered":"Vinos"},"content":{"rendered":"\t\t<div data-elementor-type=\"wp-page\" data-elementor-id=\"487\" class=\"elementor elementor-487 elementor-21\" data-elementor-post-type=\"page\">\n\t\t\t\t\t\t<section class=\"elementor-section elementor-top-section elementor-element elementor-element-7d321727 elementor-section-height-min-height elementor-section-boxed elementor-section-height-default elementor-section-items-middle\" data-id=\"7d321727\" data-element_type=\"section\" data-settings=\"{&quot;background_background&quot;:&quot;slideshow&quot;,&quot;background_slideshow_gallery&quot;:[{&quot;id&quot;:163,&quot;url&quot;:&quot;http:\\\/\\\/elgourmetcerda.com\\\/wp-content\\\/uploads\\\/2023\\\/09\\\/shutterstock_449578963.jpg&quot;},{&quot;id&quot;:161,&quot;url&quot;:&quot;http:\\\/\\\/elgourmetcerda.com\\\/wp-content\\\/uploads\\\/2023\\\/09\\\/shutterstock_1316148788.jpg&quot;},{&quot;id&quot;:278,&quot;url&quot;:&quot;http:\\\/\\\/elgourmetcerda.com\\\/wp-content\\\/uploads\\\/2023\\\/10\\\/FoodExperience-23-abril110.jpg&quot;}],&quot;background_slideshow_lazyload&quot;:&quot;yes&quot;,&quot;background_slideshow_ken_burns&quot;:&quot;yes&quot;,&quot;background_slideshow_loop&quot;:&quot;yes&quot;,&quot;background_slideshow_slide_duration&quot;:5000,&quot;background_slideshow_slide_transition&quot;:&quot;fade&quot;,&quot;background_slideshow_transition_duration&quot;:500,&quot;background_slideshow_ken_burns_zoom_direction&quot;:&quot;in&quot;}\">\n\t\t\t\t\t\t<div class=\"elementor-container elementor-column-gap-default\">\n\t\t\t\t\t<div class=\"elementor-column elementor-col-100 elementor-top-column elementor-element elementor-element-496cfdd7\" data-id=\"496cfdd7\" data-element_type=\"column\">\n\t\t\t<div class=\"elementor-widget-wrap elementor-element-populated\">\n\t\t\t\t\t\t<div class=\"elementor-element elementor-element-6b061690 elementor-widget elementor-widget-heading\" data-id=\"6b061690\" data-element_type=\"widget\" data-widget_type=\"heading.default\">\n\t\t\t\t<div class=\"elementor-widget-container\">\n\t\t\t<h2 class=\"elementor-heading-title elementor-size-default\">Vinos<\/h2>\t\t<\/div>\n\t\t\t\t<\/div>\n\t\t\t\t\t<\/div>\n\t\t<\/div>\n\t\t\t\t\t<\/div>\n\t\t<\/section>\n\t\t\t\t<section class=\"elementor-section elementor-top-section elementor-element elementor-element-798a655 elementor-section-boxed elementor-section-height-default elementor-section-height-default\" data-id=\"798a655\" data-element_type=\"section\">\n\t\t\t\t\t\t<div class=\"elementor-container elementor-column-gap-default\">\n\t\t\t\t\t<div class=\"elementor-column elementor-col-33 elementor-top-column elementor-element elementor-element-1f986d99\" data-id=\"1f986d99\" data-element_type=\"column\">\n\t\t\t<div class=\"elementor-widget-wrap\">\n\t\t\t\t\t\t\t<\/div>\n\t\t<\/div>\n\t\t\t\t<div class=\"elementor-column elementor-col-33 elementor-top-column elementor-element elementor-element-1afeeb7d\" data-id=\"1afeeb7d\" data-element_type=\"column\">\n\t\t\t<div class=\"elementor-widget-wrap elementor-element-populated\">\n\t\t\t\t\t\t<div class=\"elementor-element elementor-element-073ae29 elementor-widget elementor-widget-heading\" data-id=\"073ae29\" data-element_type=\"widget\" data-widget_type=\"heading.default\">\n\t\t\t\t<div class=\"elementor-widget-container\">\n\t\t\t<h1 class=\"elementor-heading-title elementor-size-default\">Nuestro compromiso con la calidad se refleja en cada trago<\/h1>\t\t<\/div>\n\t\t\t\t<\/div>\n\t\t\t\t<div class=\"elementor-element elementor-element-2e7b5b90 elementor-widget elementor-widget-text-editor\" data-id=\"2e7b5b90\" data-element_type=\"widget\" data-widget_type=\"text-editor.default\">\n\t\t\t\t<div class=\"elementor-widget-container\">\n\t\t\t\t\t\t\t<p>M\u00e1s de 2000 referencias en vinos de todo el mundo conformen el nuestro cat\u00e1leg.<\/p>\n<p>Des de cellers de referencia mundial fins a petits productores que lluiten per treure el cap amb obres mestres que encara no tenen el reconeixement que es mereixen, podem confeccionar la carta de qualsevol restaurant, donant l&#8217;assessorament necessari perqu\u00e8 sigui equilibrado i rendible.Desde bodegas de referencia mundial hasta peque\u00f1os productores que luchan por asomarse con obras maestras que a\u00fan no tienen el reconocimiento que se merecen, podemos confeccionar la carta de cualquier restaurante, dando el asesoramiento necesario para que sea equilibrada y rentable.<\/p>\n<p>Tambi\u00e9n disponemos de una excelente colecci\u00f3n de copas para disfrutar del mejor sabor de cada vino.<\/p>\n\t\t\t\t\t\t<\/div>\n\t\t\t\t<\/div>\n\t\t\t\t\t<\/div>\n\t\t<\/div>\n\t\t\t\t<div class=\"elementor-column elementor-col-33 elementor-top-column elementor-element elementor-element-43e7c6c0\" data-id=\"43e7c6c0\" data-element_type=\"column\">\n\t\t\t<div class=\"elementor-widget-wrap\">\n\t\t\t\t\t\t\t<\/div>\n\t\t<\/div>\n\t\t\t\t\t<\/div>\n\t\t<\/section>\n\t\t\t\t<section class=\"elementor-section elementor-top-section elementor-element elementor-element-23f451b elementor-section-height-min-height elementor-section-boxed elementor-section-height-default elementor-section-items-middle\" data-id=\"23f451b\" data-element_type=\"section\" data-settings=\"{&quot;background_background&quot;:&quot;classic&quot;}\">\n\t\t\t\t\t\t<div class=\"elementor-container elementor-column-gap-default\">\n\t\t\t\t\t<div class=\"elementor-column elementor-col-100 elementor-top-column elementor-element elementor-element-5bc5b5a6\" data-id=\"5bc5b5a6\" data-element_type=\"column\">\n\t\t\t<div class=\"elementor-widget-wrap elementor-element-populated\">\n\t\t\t\t\t\t<div class=\"elementor-element elementor-element-4af7486a elementor-widget elementor-widget-heading\" data-id=\"4af7486a\" data-element_type=\"widget\" data-widget_type=\"heading.default\">\n\t\t\t\t<div class=\"elementor-widget-container\">\n\t\t\t<h2 class=\"elementor-heading-title elementor-size-default\">Descubre nuestro cat\u00e1logo de vinos<\/h2>\t\t<\/div>\n\t\t\t\t<\/div>\n\t\t\t\t<div class=\"elementor-element elementor-element-156cd6c8 elementor-align-center elementor-widget elementor-widget-button\" data-id=\"156cd6c8\" data-element_type=\"widget\" data-widget_type=\"button.default\">\n\t\t\t\t<div class=\"elementor-widget-container\">\n\t\t\t\t\t<div class=\"elementor-button-wrapper\">\n\t\t\t<a class=\"elementor-button elementor-button-link elementor-size-sm\" href=\"https:\/\/elgourmetcerda.com\/wp-content\/uploads\/2023\/11\/GOURMET-CERDA-VINS-SP.pdf\" target=\"_blank\" rel=\"nofollow\">\n\t\t\t\t\t\t<span class=\"elementor-button-content-wrapper\">\n\t\t\t\t\t\t<span class=\"elementor-button-icon\">\n\t\t\t\t<i aria-hidden=\"true\" class=\"fas fa-download\"><\/i>\t\t\t<\/span>\n\t\t\t\t\t\t\t\t\t<span class=\"elementor-button-text\">Descargar<\/span>\n\t\t\t\t\t<\/span>\n\t\t\t\t\t<\/a>\n\t\t<\/div>\n\t\t\t\t<\/div>\n\t\t\t\t<\/div>\n\t\t\t\t\t<\/div>\n\t\t<\/div>\n\t\t\t\t\t<\/div>\n\t\t<\/section>\n\t\t\t\t<section class=\"elementor-section elementor-top-section elementor-element elementor-element-688e67e6 elementor-section-full_width elementor-section-height-default elementor-section-height-default\" data-id=\"688e67e6\" data-element_type=\"section\">\n\t\t\t\t\t\t<div class=\"elementor-container elementor-column-gap-default\">\n\t\t\t\t\t<div class=\"elementor-column elementor-col-50 elementor-top-column elementor-element elementor-element-6811f8\" data-id=\"6811f8\" data-element_type=\"column\">\n\t\t\t<div class=\"elementor-widget-wrap elementor-element-populated\">\n\t\t\t\t\t\t<div class=\"elementor-element elementor-element-3b26a5c2 elementor-cta--skin-cover elementor-cta--valign-middle elementor-animated-content elementor-bg-transform elementor-bg-transform-zoom-in elementor-widget elementor-widget-call-to-action\" data-id=\"3b26a5c2\" data-element_type=\"widget\" data-widget_type=\"call-to-action.default\">\n\t\t\t\t<div class=\"elementor-widget-container\">\n\t\t\t\t\t<div class=\"elementor-cta\">\n\t\t\t\t\t<div class=\"elementor-cta__bg-wrapper\">\n\t\t\t\t<div class=\"elementor-cta__bg elementor-bg\" style=\"background-image: url(https:\/\/elgourmetcerda.com\/wp-content\/uploads\/elementor\/thumbs\/shutterstock_1906754020-qfrvtckff7ypk2jlmzgb04t1bs168g47fa9ukxvuk0.jpg);\" role=\"img\" aria-label=\"Italian Florentine T-bone beef meat Steak with herbs on a wooden cutting board. Dark wooden background. Top view\"><\/div>\n\t\t\t\t<div class=\"elementor-cta__bg-overlay\"><\/div>\n\t\t\t<\/div>\n\t\t\t\t\t\t\t<div class=\"elementor-cta__content\">\n\t\t\t\t\n\t\t\t\t\t\t\t\t\t<h2 class=\"elementor-cta__title elementor-cta__content-item elementor-content-item elementor-animated-item--grow\">\n\t\t\t\t\t\tCat\u00e1logo de Carnes\t\t\t\t\t<\/h2>\n\t\t\t\t\n\t\t\t\t\n\t\t\t\t\t\t\t\t\t<div class=\"elementor-cta__button-wrapper elementor-cta__content-item elementor-content-item elementor-animated-item--grow\">\n\t\t\t\t\t<a class=\"elementor-cta__button elementor-button elementor-size-\" href=\"http:\/\/elgourmetcerda.com\/carns\/\">\n\t\t\t\t\t\tVisitar\t\t\t\t\t<\/a>\n\t\t\t\t\t<\/div>\n\t\t\t\t\t\t\t<\/div>\n\t\t\t\t\t\t<\/div>\n\t\t\t\t<\/div>\n\t\t\t\t<\/div>\n\t\t\t\t\t<\/div>\n\t\t<\/div>\n\t\t\t\t<div class=\"elementor-column elementor-col-50 elementor-top-column elementor-element elementor-element-9876505\" data-id=\"9876505\" data-element_type=\"column\">\n\t\t\t<div class=\"elementor-widget-wrap elementor-element-populated\">\n\t\t\t\t\t\t<div class=\"elementor-element elementor-element-568d9018 elementor-cta--skin-cover elementor-cta--valign-middle elementor-animated-content elementor-bg-transform elementor-bg-transform-zoom-in elementor-widget elementor-widget-call-to-action\" data-id=\"568d9018\" data-element_type=\"widget\" data-widget_type=\"call-to-action.default\">\n\t\t\t\t<div class=\"elementor-widget-container\">\n\t\t\t\t\t<div class=\"elementor-cta\">\n\t\t\t\t\t<div class=\"elementor-cta__bg-wrapper\">\n\t\t\t\t<div class=\"elementor-cta__bg elementor-bg\" style=\"background-image: url(https:\/\/elgourmetcerda.com\/wp-content\/uploads\/2023\/10\/06578-1024x683.jpg);\" role=\"img\" aria-label=\"06578\"><\/div>\n\t\t\t\t<div class=\"elementor-cta__bg-overlay\"><\/div>\n\t\t\t<\/div>\n\t\t\t\t\t\t\t<div class=\"elementor-cta__content\">\n\t\t\t\t\n\t\t\t\t\t\t\t\t\t<h2 class=\"elementor-cta__title elementor-cta__content-item elementor-content-item elementor-animated-item--grow\">\n\t\t\t\t\t\tCat\u00e1logo General\t\t\t\t\t<\/h2>\n\t\t\t\t\n\t\t\t\t\n\t\t\t\t\t\t\t\t\t<div class=\"elementor-cta__button-wrapper elementor-cta__content-item elementor-content-item elementor-animated-item--grow\">\n\t\t\t\t\t<a class=\"elementor-cta__button elementor-button elementor-size-\" href=\"http:\/\/elgourmetcerda.com\/cataleg-general\/\">\n\t\t\t\t\t\tVisitar\t\t\t\t\t<\/a>\n\t\t\t\t\t<\/div>\n\t\t\t\t\t\t\t<\/div>\n\t\t\t\t\t\t<\/div>\n\t\t\t\t<\/div>\n\t\t\t\t<\/div>\n\t\t\t\t\t<\/div>\n\t\t<\/div>\n\t\t\t\t\t<\/div>\n\t\t<\/section>\n\t\t\t\t<\/div>\n\t\t","protected":false},"excerpt":{"rendered":"<p>Nuestro compromiso con la calidad se refleja en cada trago M\u00e1s de 2000 referencias en vinos de todo el mundo conformen el nuestro cat\u00e1leg. Des de cellers de referencia mundial fins a petits productores que lluiten per treure el cap amb obres mestres que encara no tenen el reconeixement que es mereixen, podem confeccionar la [&hellip;]<\/p>\n","protected":false},"author":1,"featured_media":0,"parent":0,"menu_order":0,"comment_status":"closed","ping_status":"closed","template":"elementor_header_footer","meta":{"_acf_changed":false,"footnotes":""},"class_list":["post-487","page","type-page","status-publish","hentry"],"acf":[],"yoast_head":"<!-- This site is optimized with the Yoast SEO plugin v23.5 - https:\/\/yoast.com\/wordpress\/plugins\/seo\/ -->\n<title>Vinos - El Gourmet Cerd\u00e0<\/title>\n<meta name=\"description\" content=\"M\u00e1s de 2000 referencias en vinos de todo el mundo conformen el nuestro cat\u00e1leg. Tambi\u00e9n disponemos de una excelente colecci\u00f3n de copas.\" \/>\n<meta name=\"robots\" content=\"index, follow, max-snippet:-1, max-image-preview:large, max-video-preview:-1\" \/>\n<link rel=\"canonical\" href=\"https:\/\/elgourmetcerda.com\/es\/vinos\/\" \/>\n<meta property=\"og:locale\" content=\"es_ES\" \/>\n<meta property=\"og:type\" content=\"article\" \/>\n<meta property=\"og:title\" content=\"Vinos - El Gourmet Cerd\u00e0\" \/>\n<meta property=\"og:description\" content=\"M\u00e1s de 2000 referencias en vinos de todo el mundo conformen el nuestro cat\u00e1leg. Tambi\u00e9n disponemos de una excelente colecci\u00f3n de copas.\" \/>\n<meta property=\"og:url\" content=\"https:\/\/elgourmetcerda.com\/es\/vinos\/\" \/>\n<meta property=\"og:site_name\" content=\"El Gourmet Cerd\u00e0\" \/>\n<meta property=\"article:modified_time\" content=\"2023-11-27T08:59:39+00:00\" \/>\n<meta property=\"og:image\" content=\"https:\/\/elgourmetcerda.com\/wp-content\/uploads\/2023\/11\/logo-blanc-300x105-1.png\" \/>\n\t<meta property=\"og:image:width\" content=\"300\" \/>\n\t<meta property=\"og:image:height\" content=\"105\" \/>\n\t<meta property=\"og:image:type\" content=\"image\/png\" \/>\n<meta name=\"twitter:card\" content=\"summary_large_image\" \/>\n<meta name=\"twitter:label1\" content=\"Tiempo de lectura\" \/>\n\t<meta name=\"twitter:data1\" content=\"1 minuto\" \/>\n<script type=\"application\/ld+json\" class=\"yoast-schema-graph\">{\"@context\":\"https:\/\/schema.org\",\"@graph\":[{\"@type\":\"WebPage\",\"@id\":\"https:\/\/elgourmetcerda.com\/es\/vinos\/\",\"url\":\"https:\/\/elgourmetcerda.com\/es\/vinos\/\",\"name\":\"Vinos - El Gourmet Cerd\u00e0\",\"isPartOf\":{\"@id\":\"https:\/\/elgourmetcerda.com\/#website\"},\"datePublished\":\"2023-08-03T09:51:31+00:00\",\"dateModified\":\"2023-11-27T08:59:39+00:00\",\"description\":\"M\u00e1s de 2000 referencias en vinos de todo el mundo conformen el nuestro cat\u00e1leg. Tambi\u00e9n disponemos de una excelente colecci\u00f3n de copas.\",\"breadcrumb\":{\"@id\":\"https:\/\/elgourmetcerda.com\/es\/vinos\/#breadcrumb\"},\"inLanguage\":\"es\",\"potentialAction\":[{\"@type\":\"ReadAction\",\"target\":[\"https:\/\/elgourmetcerda.com\/es\/vinos\/\"]}]},{\"@type\":\"BreadcrumbList\",\"@id\":\"https:\/\/elgourmetcerda.com\/es\/vinos\/#breadcrumb\",\"itemListElement\":[{\"@type\":\"ListItem\",\"position\":1,\"name\":\"Inici\",\"item\":\"https:\/\/elgourmetcerda.com\/\"},{\"@type\":\"ListItem\",\"position\":2,\"name\":\"Vinos\"}]},{\"@type\":\"WebSite\",\"@id\":\"https:\/\/elgourmetcerda.com\/#website\",\"url\":\"https:\/\/elgourmetcerda.com\/\",\"name\":\"El Gourmet Cerd\u00e0\",\"description\":\"La recerca del millor producte es el dia a dia de la nostra empresa\",\"potentialAction\":[{\"@type\":\"SearchAction\",\"target\":{\"@type\":\"EntryPoint\",\"urlTemplate\":\"https:\/\/elgourmetcerda.com\/?s={search_term_string}\"},\"query-input\":{\"@type\":\"PropertyValueSpecification\",\"valueRequired\":true,\"valueName\":\"search_term_string\"}}],\"inLanguage\":\"es\"}]}<\/script>\n<!-- \/ Yoast SEO plugin. -->","yoast_head_json":{"title":"Vinos - El Gourmet Cerd\u00e0","description":"M\u00e1s de 2000 referencias en vinos de todo el mundo conformen el nuestro cat\u00e1leg. Tambi\u00e9n disponemos de una excelente colecci\u00f3n de copas.","robots":{"index":"index","follow":"follow","max-snippet":"max-snippet:-1","max-image-preview":"max-image-preview:large","max-video-preview":"max-video-preview:-1"},"canonical":"https:\/\/elgourmetcerda.com\/es\/vinos\/","og_locale":"es_ES","og_type":"article","og_title":"Vinos - El Gourmet Cerd\u00e0","og_description":"M\u00e1s de 2000 referencias en vinos de todo el mundo conformen el nuestro cat\u00e1leg. Tambi\u00e9n disponemos de una excelente colecci\u00f3n de copas.","og_url":"https:\/\/elgourmetcerda.com\/es\/vinos\/","og_site_name":"El Gourmet Cerd\u00e0","article_modified_time":"2023-11-27T08:59:39+00:00","og_image":[{"width":300,"height":105,"url":"https:\/\/elgourmetcerda.com\/wp-content\/uploads\/2023\/11\/logo-blanc-300x105-1.png","type":"image\/png"}],"twitter_card":"summary_large_image","twitter_misc":{"Tiempo de lectura":"1 minuto"},"schema":{"@context":"https:\/\/schema.org","@graph":[{"@type":"WebPage","@id":"https:\/\/elgourmetcerda.com\/es\/vinos\/","url":"https:\/\/elgourmetcerda.com\/es\/vinos\/","name":"Vinos - El Gourmet Cerd\u00e0","isPartOf":{"@id":"https:\/\/elgourmetcerda.com\/#website"},"datePublished":"2023-08-03T09:51:31+00:00","dateModified":"2023-11-27T08:59:39+00:00","description":"M\u00e1s de 2000 referencias en vinos de todo el mundo conformen el nuestro cat\u00e1leg. Tambi\u00e9n disponemos de una excelente colecci\u00f3n de copas.","breadcrumb":{"@id":"https:\/\/elgourmetcerda.com\/es\/vinos\/#breadcrumb"},"inLanguage":"es","potentialAction":[{"@type":"ReadAction","target":["https:\/\/elgourmetcerda.com\/es\/vinos\/"]}]},{"@type":"BreadcrumbList","@id":"https:\/\/elgourmetcerda.com\/es\/vinos\/#breadcrumb","itemListElement":[{"@type":"ListItem","position":1,"name":"Inici","item":"https:\/\/elgourmetcerda.com\/"},{"@type":"ListItem","position":2,"name":"Vinos"}]},{"@type":"WebSite","@id":"https:\/\/elgourmetcerda.com\/#website","url":"https:\/\/elgourmetcerda.com\/","name":"El Gourmet Cerd\u00e0","description":"La recerca del millor producte es el dia a dia de la nostra empresa","potentialAction":[{"@type":"SearchAction","target":{"@type":"EntryPoint","urlTemplate":"https:\/\/elgourmetcerda.com\/?s={search_term_string}"},"query-input":{"@type":"PropertyValueSpecification","valueRequired":true,"valueName":"search_term_string"}}],"inLanguage":"es"}]}},"_links":{"self":[{"href":"https:\/\/elgourmetcerda.com\/es\/wp-json\/wp\/v2\/pages\/487","targetHints":{"allow":["GET"]}}],"collection":[{"href":"https:\/\/elgourmetcerda.com\/es\/wp-json\/wp\/v2\/pages"}],"about":[{"href":"https:\/\/elgourmetcerda.com\/es\/wp-json\/wp\/v2\/types\/page"}],"author":[{"embeddable":true,"href":"https:\/\/elgourmetcerda.com\/es\/wp-json\/wp\/v2\/users\/1"}],"replies":[{"embeddable":true,"href":"https:\/\/elgourmetcerda.com\/es\/wp-json\/wp\/v2\/comments?post=487"}],"version-history":[{"count":10,"href":"https:\/\/elgourmetcerda.com\/es\/wp-json\/wp\/v2\/pages\/487\/revisions"}],"predecessor-version":[{"id":571,"href":"https:\/\/elgourmetcerda.com\/es\/wp-json\/wp\/v2\/pages\/487\/revisions\/571"}],"wp:attachment":[{"href":"https:\/\/elgourmetcerda.com\/es\/wp-json\/wp\/v2\/media?parent=487"}],"curies":[{"name":"wp","href":"https:\/\/api.w.org\/{rel}","templated":true}]}}