{"id":474,"date":"2023-08-03T11:50:58","date_gmt":"2023-08-03T09:50:58","guid":{"rendered":"http:\/\/elgourmetcerda.com\/el-gourmet-cerda\/"},"modified":"2023-12-05T11:26:44","modified_gmt":"2023-12-05T10:26:44","slug":"el-gourmet-cerda","status":"publish","type":"page","link":"https:\/\/elgourmetcerda.com\/es\/","title":{"rendered":"El Gourmet Cerd\u00e0"},"content":{"rendered":"\t\t<div data-elementor-type=\"wp-page\" data-elementor-id=\"474\" class=\"elementor elementor-474 elementor-13\" data-elementor-post-type=\"page\">\n\t\t\t\t\t\t<section class=\"elementor-section elementor-top-section elementor-element elementor-element-25ea523 elementor-section-height-min-height elementor-section-boxed elementor-section-height-default elementor-section-items-middle\" data-id=\"25ea523\" data-element_type=\"section\" data-settings=\"{&quot;background_background&quot;:&quot;slideshow&quot;,&quot;background_slideshow_gallery&quot;:[{&quot;id&quot;:244,&quot;url&quot;:&quot;http:\\\/\\\/elgourmetcerda.com\\\/wp-content\\\/uploads\\\/2023\\\/10\\\/el-gourmet-cerda-home-retoc.jpg&quot;},{&quot;id&quot;:283,&quot;url&quot;:&quot;http:\\\/\\\/elgourmetcerda.com\\\/wp-content\\\/uploads\\\/2023\\\/10\\\/IMG_0680.jpg&quot;},{&quot;id&quot;:271,&quot;url&quot;:&quot;http:\\\/\\\/elgourmetcerda.com\\\/wp-content\\\/uploads\\\/2023\\\/10\\\/06578.jpg&quot;},{&quot;id&quot;:277,&quot;url&quot;:&quot;http:\\\/\\\/elgourmetcerda.com\\\/wp-content\\\/uploads\\\/2023\\\/10\\\/C-77.jpg&quot;},{&quot;id&quot;:303,&quot;url&quot;:&quot;http:\\\/\\\/elgourmetcerda.com\\\/wp-content\\\/uploads\\\/2023\\\/10\\\/6353_kaspia-caviar_orig.jpgw3_.webp&quot;},{&quot;id&quot;:278,&quot;url&quot;:&quot;http:\\\/\\\/elgourmetcerda.com\\\/wp-content\\\/uploads\\\/2023\\\/10\\\/FoodExperience-23-abril110.jpg&quot;},{&quot;id&quot;:280,&quot;url&quot;:&quot;http:\\\/\\\/elgourmetcerda.com\\\/wp-content\\\/uploads\\\/2023\\\/10\\\/FoodExperience-23-abril156.jpg&quot;},{&quot;id&quot;:275,&quot;url&quot;:&quot;http:\\\/\\\/elgourmetcerda.com\\\/wp-content\\\/uploads\\\/2023\\\/10\\\/171202_0382.jpg&quot;},{&quot;id&quot;:279,&quot;url&quot;:&quot;http:\\\/\\\/elgourmetcerda.com\\\/wp-content\\\/uploads\\\/2023\\\/10\\\/FoodExperience-23-abril144.jpg&quot;},{&quot;id&quot;:276,&quot;url&quot;:&quot;http:\\\/\\\/elgourmetcerda.com\\\/wp-content\\\/uploads\\\/2023\\\/10\\\/C-37.jpg&quot;},{&quot;id&quot;:281,&quot;url&quot;:&quot;http:\\\/\\\/elgourmetcerda.com\\\/wp-content\\\/uploads\\\/2023\\\/10\\\/FoodExperience-23-abril169.jpg&quot;}],&quot;background_slideshow_lazyload&quot;:&quot;yes&quot;,&quot;background_slideshow_ken_burns&quot;:&quot;yes&quot;,&quot;background_slideshow_loop&quot;:&quot;yes&quot;,&quot;background_slideshow_slide_duration&quot;:5000,&quot;background_slideshow_slide_transition&quot;:&quot;fade&quot;,&quot;background_slideshow_transition_duration&quot;:500,&quot;background_slideshow_ken_burns_zoom_direction&quot;:&quot;in&quot;}\">\n\t\t\t\t\t\t<div class=\"elementor-container elementor-column-gap-default\">\n\t\t\t\t\t<div class=\"elementor-column elementor-col-100 elementor-top-column elementor-element elementor-element-ffb3609\" data-id=\"ffb3609\" data-element_type=\"column\">\n\t\t\t<div class=\"elementor-widget-wrap elementor-element-populated\">\n\t\t\t\t\t\t<div class=\"elementor-element elementor-element-660a641 elementor-widget elementor-widget-image\" data-id=\"660a641\" data-element_type=\"widget\" data-widget_type=\"image.default\">\n\t\t\t\t<div class=\"elementor-widget-container\">\n\t\t\t\t\t\t\t\t\t\t\t\t\t<img fetchpriority=\"high\" decoding=\"async\" width=\"600\" height=\"280\" src=\"https:\/\/elgourmetcerda.com\/wp-content\/uploads\/2023\/09\/logo-gran-blanc.png\" class=\"attachment-large size-large wp-image-111\" alt=\"\" srcset=\"https:\/\/elgourmetcerda.com\/wp-content\/uploads\/2023\/09\/logo-gran-blanc.png 600w, https:\/\/elgourmetcerda.com\/wp-content\/uploads\/2023\/09\/logo-gran-blanc-300x140.png 300w\" sizes=\"(max-width: 600px) 100vw, 600px\" \/>\t\t\t\t\t\t\t\t\t\t\t\t\t<\/div>\n\t\t\t\t<\/div>\n\t\t\t\t\t<\/div>\n\t\t<\/div>\n\t\t\t\t\t<\/div>\n\t\t<\/section>\n\t\t\t\t<section class=\"elementor-section elementor-top-section elementor-element elementor-element-8e5cb7b elementor-section-boxed elementor-section-height-default elementor-section-height-default\" data-id=\"8e5cb7b\" data-element_type=\"section\">\n\t\t\t\t\t\t<div class=\"elementor-container elementor-column-gap-default\">\n\t\t\t\t\t<div class=\"elementor-column elementor-col-33 elementor-top-column elementor-element elementor-element-79455bc\" data-id=\"79455bc\" data-element_type=\"column\">\n\t\t\t<div class=\"elementor-widget-wrap\">\n\t\t\t\t\t\t\t<\/div>\n\t\t<\/div>\n\t\t\t\t<div class=\"elementor-column elementor-col-33 elementor-top-column elementor-element elementor-element-867fb6b\" data-id=\"867fb6b\" data-element_type=\"column\">\n\t\t\t<div class=\"elementor-widget-wrap elementor-element-populated\">\n\t\t\t\t\t\t<div class=\"elementor-element elementor-element-a9811c3 elementor-widget elementor-widget-heading\" data-id=\"a9811c3\" data-element_type=\"widget\" data-widget_type=\"heading.default\">\n\t\t\t\t<div class=\"elementor-widget-container\">\n\t\t\t<h1 class=\"elementor-heading-title elementor-size-default\">La b\u00fasqueda del mejor producto es el d\u00eda a d\u00eda de nuestra empresa<\/h1>\t\t<\/div>\n\t\t\t\t<\/div>\n\t\t\t\t<div class=\"elementor-element elementor-element-568350d elementor-widget elementor-widget-text-editor\" data-id=\"568350d\" data-element_type=\"widget\" data-widget_type=\"text-editor.default\">\n\t\t\t\t<div class=\"elementor-widget-container\">\n\t\t\t\t\t\t\t<p>Un estrecho v\u00ednculo con chefs profesionales y un compromiso inquebrantable con un servicio de alta calidad nos han otorgado la credibilidad esencial por ser el proveedor de confianza de los restaurantes m\u00e1s prestigiosos.<\/p>\n<p>Nos destacamos como expertos en cocci\u00f3n a la brasa y especialistas en la selecci\u00f3n de carne roja de primera calidad. Nuestra pasi\u00f3n se centra en las mejores piezas de vacas viejas y grasas del Norte de Espa\u00f1a y centro de Europa, cuidadosamente almacenadas en c\u00e1maras de maduraci\u00f3n hasta alcanzar el punto \u00f3ptimo de consumo. Ofrecemos no s\u00f3lo productos excepcionales, sino una experiencia gastron\u00f3mica \u00fanica <span class=\"hiddenGrammarError\">apoyada<\/span> por dedicaci\u00f3n y conocimiento.<\/p>\n\t\t\t\t\t\t<\/div>\n\t\t\t\t<\/div>\n\t\t\t\t\t<\/div>\n\t\t<\/div>\n\t\t\t\t<div class=\"elementor-column elementor-col-33 elementor-top-column elementor-element elementor-element-023dd81\" data-id=\"023dd81\" data-element_type=\"column\">\n\t\t\t<div class=\"elementor-widget-wrap\">\n\t\t\t\t\t\t\t<\/div>\n\t\t<\/div>\n\t\t\t\t\t<\/div>\n\t\t<\/section>\n\t\t\t\t<section class=\"elementor-section elementor-top-section elementor-element elementor-element-0d9ea78 elementor-section-full_width elementor-section-height-default elementor-section-height-default\" data-id=\"0d9ea78\" data-element_type=\"section\">\n\t\t\t\t\t\t<div class=\"elementor-container elementor-column-gap-default\">\n\t\t\t\t\t<div class=\"elementor-column elementor-col-33 elementor-top-column elementor-element elementor-element-45a97b2\" data-id=\"45a97b2\" data-element_type=\"column\">\n\t\t\t<div class=\"elementor-widget-wrap elementor-element-populated\">\n\t\t\t\t\t\t<div class=\"elementor-element elementor-element-e1cbe39 elementor-cta--skin-cover elementor-cta--valign-middle elementor-animated-content elementor-bg-transform elementor-bg-transform-zoom-in elementor-widget elementor-widget-call-to-action\" data-id=\"e1cbe39\" data-element_type=\"widget\" data-widget_type=\"call-to-action.default\">\n\t\t\t\t<div class=\"elementor-widget-container\">\n\t\t\t\t\t<div class=\"elementor-cta\">\n\t\t\t\t\t<div class=\"elementor-cta__bg-wrapper\">\n\t\t\t\t<div class=\"elementor-cta__bg elementor-bg\" style=\"background-image: url(https:\/\/elgourmetcerda.com\/wp-content\/uploads\/2023\/08\/shutterstock_1906754020-768x511.jpg);\" role=\"img\" aria-label=\"Italian Florentine T-bone beef meat Steak with herbs on a wooden cutting board. Dark wooden background. Top view\"><\/div>\n\t\t\t\t<div class=\"elementor-cta__bg-overlay\"><\/div>\n\t\t\t<\/div>\n\t\t\t\t\t\t\t<div class=\"elementor-cta__content\">\n\t\t\t\t\n\t\t\t\t\t\t\t\t\t<h2 class=\"elementor-cta__title elementor-cta__content-item elementor-content-item elementor-animated-item--grow\">\n\t\t\t\t\t\tCat\u00e1logo de Carnes\t\t\t\t\t<\/h2>\n\t\t\t\t\n\t\t\t\t\t\t\t\t\t<div class=\"elementor-cta__description elementor-cta__content-item elementor-content-item elementor-animated-item--grow\">\n\t\t\t\t\t\t<p>Los mejores productos c\u00e1rnicos de calidad gourmet de nuestra tierra<\/p>\n\t\t\t\t\t<\/div>\n\t\t\t\t\n\t\t\t\t\t\t\t\t\t<div class=\"elementor-cta__button-wrapper elementor-cta__content-item elementor-content-item elementor-animated-item--grow\">\n\t\t\t\t\t<a class=\"elementor-cta__button elementor-button elementor-size-\" href=\"http:\/\/elgourmetcerda.com\/carns\/\">\n\t\t\t\t\t\tM\u00e1s informaci\u00f3n\t\t\t\t\t<\/a>\n\t\t\t\t\t<\/div>\n\t\t\t\t\t\t\t<\/div>\n\t\t\t\t\t\t<\/div>\n\t\t\t\t<\/div>\n\t\t\t\t<\/div>\n\t\t\t\t\t<\/div>\n\t\t<\/div>\n\t\t\t\t<div class=\"elementor-column elementor-col-33 elementor-top-column elementor-element elementor-element-2520951\" data-id=\"2520951\" data-element_type=\"column\">\n\t\t\t<div class=\"elementor-widget-wrap elementor-element-populated\">\n\t\t\t\t\t\t<div class=\"elementor-element elementor-element-9d90365 elementor-cta--skin-cover elementor-cta--valign-middle elementor-animated-content elementor-bg-transform elementor-bg-transform-zoom-in elementor-widget elementor-widget-call-to-action\" data-id=\"9d90365\" data-element_type=\"widget\" data-widget_type=\"call-to-action.default\">\n\t\t\t\t<div class=\"elementor-widget-container\">\n\t\t\t\t\t<div class=\"elementor-cta\">\n\t\t\t\t\t<div class=\"elementor-cta__bg-wrapper\">\n\t\t\t\t<div class=\"elementor-cta__bg elementor-bg\" style=\"background-image: url(https:\/\/elgourmetcerda.com\/wp-content\/uploads\/2023\/08\/shutterstock_1784311298-768x512.jpg);\" role=\"img\" aria-label=\"Close-up shot of young sommelier smell red wine on wine cellar background.\"><\/div>\n\t\t\t\t<div class=\"elementor-cta__bg-overlay\"><\/div>\n\t\t\t<\/div>\n\t\t\t\t\t\t\t<div class=\"elementor-cta__content\">\n\t\t\t\t\n\t\t\t\t\t\t\t\t\t<h2 class=\"elementor-cta__title elementor-cta__content-item elementor-content-item elementor-animated-item--grow\">\n\t\t\t\t\t\tCat\u00e1logo de Vinos\t\t\t\t\t<\/h2>\n\t\t\t\t\n\t\t\t\t\t\t\t\t\t<div class=\"elementor-cta__description elementor-cta__content-item elementor-content-item elementor-animated-item--grow\">\n\t\t\t\t\t\t<p>Nuestro compromiso con la calidad se refleja en cada trago<\/p>\n\t\t\t\t\t<\/div>\n\t\t\t\t\n\t\t\t\t\t\t\t\t\t<div class=\"elementor-cta__button-wrapper elementor-cta__content-item elementor-content-item elementor-animated-item--grow\">\n\t\t\t\t\t<a class=\"elementor-cta__button elementor-button elementor-size-\" href=\"http:\/\/elgourmetcerda.com\/vins\/\">\n\t\t\t\t\t\tM\u00e1s informaci\u00f3n\t\t\t\t\t<\/a>\n\t\t\t\t\t<\/div>\n\t\t\t\t\t\t\t<\/div>\n\t\t\t\t\t\t<\/div>\n\t\t\t\t<\/div>\n\t\t\t\t<\/div>\n\t\t\t\t\t<\/div>\n\t\t<\/div>\n\t\t\t\t<div class=\"elementor-column elementor-col-33 elementor-top-column elementor-element elementor-element-bc8e0ba\" data-id=\"bc8e0ba\" data-element_type=\"column\">\n\t\t\t<div class=\"elementor-widget-wrap elementor-element-populated\">\n\t\t\t\t\t\t<div class=\"elementor-element elementor-element-b80c15d elementor-cta--skin-cover elementor-cta--valign-middle elementor-animated-content elementor-bg-transform elementor-bg-transform-zoom-in elementor-widget elementor-widget-call-to-action\" data-id=\"b80c15d\" data-element_type=\"widget\" data-widget_type=\"call-to-action.default\">\n\t\t\t\t<div class=\"elementor-widget-container\">\n\t\t\t\t\t<div class=\"elementor-cta\">\n\t\t\t\t\t<div class=\"elementor-cta__bg-wrapper\">\n\t\t\t\t<div class=\"elementor-cta__bg elementor-bg\" style=\"background-image: url(https:\/\/elgourmetcerda.com\/wp-content\/uploads\/2023\/10\/06578-768x512.jpg);\" role=\"img\" aria-label=\"06578\"><\/div>\n\t\t\t\t<div class=\"elementor-cta__bg-overlay\"><\/div>\n\t\t\t<\/div>\n\t\t\t\t\t\t\t<div class=\"elementor-cta__content\">\n\t\t\t\t\n\t\t\t\t\t\t\t\t\t<h2 class=\"elementor-cta__title elementor-cta__content-item elementor-content-item elementor-animated-item--grow\">\n\t\t\t\t\t\tCat\u00e1logo General\t\t\t\t\t<\/h2>\n\t\t\t\t\n\t\t\t\t\t\t\t\t\t<div class=\"elementor-cta__description elementor-cta__content-item elementor-content-item elementor-animated-item--grow\">\n\t\t\t\t\t\t<p> Descubre nuestra amplia selecci\u00f3n de los mejores productos gourmet<\/p>\n\t\t\t\t\t<\/div>\n\t\t\t\t\n\t\t\t\t\t\t\t\t\t<div class=\"elementor-cta__button-wrapper elementor-cta__content-item elementor-content-item elementor-animated-item--grow\">\n\t\t\t\t\t<a class=\"elementor-cta__button elementor-button elementor-size-\" href=\"https:\/\/elgourmetcerda.com\/es\/catalogo-general\/\">\n\t\t\t\t\t\tM\u00e1s informaci\u00f3n\t\t\t\t\t<\/a>\n\t\t\t\t\t<\/div>\n\t\t\t\t\t\t\t<\/div>\n\t\t\t\t\t\t<\/div>\n\t\t\t\t<\/div>\n\t\t\t\t<\/div>\n\t\t\t\t\t<\/div>\n\t\t<\/div>\n\t\t\t\t\t<\/div>\n\t\t<\/section>\n\t\t\t\t<section class=\"elementor-section elementor-top-section elementor-element elementor-element-38c060f elementor-section-height-min-height elementor-section-boxed elementor-section-height-default elementor-section-items-middle\" data-id=\"38c060f\" data-element_type=\"section\" data-settings=\"{&quot;background_background&quot;:&quot;video&quot;,&quot;background_video_link&quot;:&quot;http:\\\/\\\/elgourmetcerda.com\\\/wp-content\\\/uploads\\\/2023\\\/09\\\/gourmet-cerda-video-foc.mp4&quot;,&quot;background_play_on_mobile&quot;:&quot;yes&quot;}\">\n\t\t\t\t\t\t\t\t<div class=\"elementor-background-video-container\">\n\t\t\t\t\t\t\t\t\t\t\t\t\t<video class=\"elementor-background-video-hosted elementor-html5-video\" autoplay muted playsinline loop><\/video>\n\t\t\t\t\t\t\t\t\t\t\t<\/div>\n\t\t\t\t\t\t\t\t<div class=\"elementor-container elementor-column-gap-default\">\n\t\t\t\t\t<div class=\"elementor-column elementor-col-100 elementor-top-column elementor-element elementor-element-86ef5ba\" data-id=\"86ef5ba\" data-element_type=\"column\">\n\t\t\t<div class=\"elementor-widget-wrap elementor-element-populated\">\n\t\t\t\t\t\t<div class=\"elementor-element elementor-element-b9cf58f elementor-widget elementor-widget-heading\" data-id=\"b9cf58f\" data-element_type=\"widget\" data-widget_type=\"heading.default\">\n\t\t\t\t<div class=\"elementor-widget-container\">\n\t\t\t<h2 class=\"elementor-heading-title elementor-size-default\">\u00bfQuieres m\u00e1s informaci\u00f3n de nuestros servicios?<\/h2>\t\t<\/div>\n\t\t\t\t<\/div>\n\t\t\t\t<div class=\"elementor-element elementor-element-07ba9ad elementor-align-center elementor-widget elementor-widget-button\" data-id=\"07ba9ad\" data-element_type=\"widget\" data-widget_type=\"button.default\">\n\t\t\t\t<div class=\"elementor-widget-container\">\n\t\t\t\t\t<div class=\"elementor-button-wrapper\">\n\t\t\t<a class=\"elementor-button elementor-button-link elementor-size-sm\" href=\"http:\/\/elgourmetcerda.com\/contacte\/\">\n\t\t\t\t\t\t<span class=\"elementor-button-content-wrapper\">\n\t\t\t\t\t\t\t\t\t<span class=\"elementor-button-text\">Contacta con nosotros<\/span>\n\t\t\t\t\t<\/span>\n\t\t\t\t\t<\/a>\n\t\t<\/div>\n\t\t\t\t<\/div>\n\t\t\t\t<\/div>\n\t\t\t\t\t<\/div>\n\t\t<\/div>\n\t\t\t\t\t<\/div>\n\t\t<\/section>\n\t\t\t\t<\/div>\n\t\t","protected":false},"excerpt":{"rendered":"<p>La b\u00fasqueda del mejor producto es el d\u00eda a d\u00eda de nuestra empresa Un estrecho v\u00ednculo con chefs profesionales y un compromiso inquebrantable con un servicio de alta calidad nos han otorgado la credibilidad esencial por ser el proveedor de confianza de los restaurantes m\u00e1s prestigiosos. Nos destacamos como expertos en cocci\u00f3n a la brasa [&hellip;]<\/p>\n","protected":false},"author":1,"featured_media":0,"parent":0,"menu_order":0,"comment_status":"closed","ping_status":"closed","template":"elementor_header_footer","meta":{"_acf_changed":false,"footnotes":""},"class_list":["post-474","page","type-page","status-publish","hentry"],"acf":[],"yoast_head":"<!-- This site is optimized with the Yoast SEO plugin v23.5 - https:\/\/yoast.com\/wordpress\/plugins\/seo\/ -->\n<title>El Gourmet Cerd\u00e0 - El buen gusto en la mesa<\/title>\n<meta name=\"description\" content=\"La b\u00fasqueda de la calidad es nuestro objetivo desde que nacimos en 2003. Recogemos semanalmente el mejor g\u00e9nero fresco de proximidad.\" \/>\n<meta name=\"robots\" content=\"index, follow, max-snippet:-1, max-image-preview:large, max-video-preview:-1\" \/>\n<link rel=\"canonical\" href=\"https:\/\/elgourmetcerda.com\/\" \/>\n<meta property=\"og:locale\" content=\"es_ES\" \/>\n<meta property=\"og:type\" content=\"article\" \/>\n<meta property=\"og:title\" content=\"El Gourmet Cerd\u00e0 - El buen gusto en la mesa\" \/>\n<meta property=\"og:description\" content=\"La b\u00fasqueda de la calidad es nuestro objetivo desde que nacimos en 2003. Recogemos semanalmente el mejor g\u00e9nero fresco de proximidad.\" \/>\n<meta property=\"og:url\" content=\"https:\/\/elgourmetcerda.com\/\" \/>\n<meta property=\"og:site_name\" content=\"El Gourmet Cerd\u00e0\" \/>\n<meta property=\"article:modified_time\" content=\"2023-12-05T10:26:44+00:00\" \/>\n<meta property=\"og:image\" content=\"https:\/\/elgourmetcerda.com\/wp-content\/uploads\/2023\/09\/logo-gran-blanc.png\" \/>\n<meta name=\"twitter:card\" content=\"summary_large_image\" \/>\n<meta name=\"twitter:label1\" content=\"Tiempo de lectura\" \/>\n\t<meta name=\"twitter:data1\" content=\"1 minuto\" \/>\n<script type=\"application\/ld+json\" class=\"yoast-schema-graph\">{\"@context\":\"https:\/\/schema.org\",\"@graph\":[{\"@type\":\"WebPage\",\"@id\":\"https:\/\/elgourmetcerda.com\/\",\"url\":\"https:\/\/elgourmetcerda.com\/\",\"name\":\"El Gourmet Cerd\u00e0 - El buen gusto en la mesa\",\"isPartOf\":{\"@id\":\"https:\/\/elgourmetcerda.com\/#website\"},\"primaryImageOfPage\":{\"@id\":\"https:\/\/elgourmetcerda.com\/#primaryimage\"},\"image\":{\"@id\":\"https:\/\/elgourmetcerda.com\/#primaryimage\"},\"thumbnailUrl\":\"https:\/\/elgourmetcerda.com\/wp-content\/uploads\/2023\/09\/logo-gran-blanc.png\",\"datePublished\":\"2023-08-03T09:50:58+00:00\",\"dateModified\":\"2023-12-05T10:26:44+00:00\",\"description\":\"La b\u00fasqueda de la calidad es nuestro objetivo desde que nacimos en 2003. Recogemos semanalmente el mejor g\u00e9nero fresco de proximidad.\",\"breadcrumb\":{\"@id\":\"https:\/\/elgourmetcerda.com\/#breadcrumb\"},\"inLanguage\":\"es\",\"potentialAction\":[{\"@type\":\"ReadAction\",\"target\":[\"https:\/\/elgourmetcerda.com\/\"]}]},{\"@type\":\"ImageObject\",\"inLanguage\":\"es\",\"@id\":\"https:\/\/elgourmetcerda.com\/#primaryimage\",\"url\":\"https:\/\/elgourmetcerda.com\/wp-content\/uploads\/2023\/09\/logo-gran-blanc.png\",\"contentUrl\":\"https:\/\/elgourmetcerda.com\/wp-content\/uploads\/2023\/09\/logo-gran-blanc.png\"},{\"@type\":\"BreadcrumbList\",\"@id\":\"https:\/\/elgourmetcerda.com\/#breadcrumb\",\"itemListElement\":[{\"@type\":\"ListItem\",\"position\":1,\"name\":\"Inici\",\"item\":\"https:\/\/elgourmetcerda.com\/\"},{\"@type\":\"ListItem\",\"position\":2,\"name\":\"El Gourmet Cerd\u00e0\"}]},{\"@type\":\"WebSite\",\"@id\":\"https:\/\/elgourmetcerda.com\/#website\",\"url\":\"https:\/\/elgourmetcerda.com\/\",\"name\":\"El Gourmet Cerd\u00e0\",\"description\":\"La recerca del millor producte es el dia a dia de la nostra empresa\",\"potentialAction\":[{\"@type\":\"SearchAction\",\"target\":{\"@type\":\"EntryPoint\",\"urlTemplate\":\"https:\/\/elgourmetcerda.com\/?s={search_term_string}\"},\"query-input\":{\"@type\":\"PropertyValueSpecification\",\"valueRequired\":true,\"valueName\":\"search_term_string\"}}],\"inLanguage\":\"es\"}]}<\/script>\n<!-- \/ Yoast SEO plugin. -->","yoast_head_json":{"title":"El Gourmet Cerd\u00e0 - El buen gusto en la mesa","description":"La b\u00fasqueda de la calidad es nuestro objetivo desde que nacimos en 2003. Recogemos semanalmente el mejor g\u00e9nero fresco de proximidad.","robots":{"index":"index","follow":"follow","max-snippet":"max-snippet:-1","max-image-preview":"max-image-preview:large","max-video-preview":"max-video-preview:-1"},"canonical":"https:\/\/elgourmetcerda.com\/","og_locale":"es_ES","og_type":"article","og_title":"El Gourmet Cerd\u00e0 - El buen gusto en la mesa","og_description":"La b\u00fasqueda de la calidad es nuestro objetivo desde que nacimos en 2003. Recogemos semanalmente el mejor g\u00e9nero fresco de proximidad.","og_url":"https:\/\/elgourmetcerda.com\/","og_site_name":"El Gourmet Cerd\u00e0","article_modified_time":"2023-12-05T10:26:44+00:00","og_image":[{"url":"https:\/\/elgourmetcerda.com\/wp-content\/uploads\/2023\/09\/logo-gran-blanc.png"}],"twitter_card":"summary_large_image","twitter_misc":{"Tiempo de lectura":"1 minuto"},"schema":{"@context":"https:\/\/schema.org","@graph":[{"@type":"WebPage","@id":"https:\/\/elgourmetcerda.com\/","url":"https:\/\/elgourmetcerda.com\/","name":"El Gourmet Cerd\u00e0 - El buen gusto en la mesa","isPartOf":{"@id":"https:\/\/elgourmetcerda.com\/#website"},"primaryImageOfPage":{"@id":"https:\/\/elgourmetcerda.com\/#primaryimage"},"image":{"@id":"https:\/\/elgourmetcerda.com\/#primaryimage"},"thumbnailUrl":"https:\/\/elgourmetcerda.com\/wp-content\/uploads\/2023\/09\/logo-gran-blanc.png","datePublished":"2023-08-03T09:50:58+00:00","dateModified":"2023-12-05T10:26:44+00:00","description":"La b\u00fasqueda de la calidad es nuestro objetivo desde que nacimos en 2003. Recogemos semanalmente el mejor g\u00e9nero fresco de proximidad.","breadcrumb":{"@id":"https:\/\/elgourmetcerda.com\/#breadcrumb"},"inLanguage":"es","potentialAction":[{"@type":"ReadAction","target":["https:\/\/elgourmetcerda.com\/"]}]},{"@type":"ImageObject","inLanguage":"es","@id":"https:\/\/elgourmetcerda.com\/#primaryimage","url":"https:\/\/elgourmetcerda.com\/wp-content\/uploads\/2023\/09\/logo-gran-blanc.png","contentUrl":"https:\/\/elgourmetcerda.com\/wp-content\/uploads\/2023\/09\/logo-gran-blanc.png"},{"@type":"BreadcrumbList","@id":"https:\/\/elgourmetcerda.com\/#breadcrumb","itemListElement":[{"@type":"ListItem","position":1,"name":"Inici","item":"https:\/\/elgourmetcerda.com\/"},{"@type":"ListItem","position":2,"name":"El Gourmet Cerd\u00e0"}]},{"@type":"WebSite","@id":"https:\/\/elgourmetcerda.com\/#website","url":"https:\/\/elgourmetcerda.com\/","name":"El Gourmet Cerd\u00e0","description":"La recerca del millor producte es el dia a dia de la nostra empresa","potentialAction":[{"@type":"SearchAction","target":{"@type":"EntryPoint","urlTemplate":"https:\/\/elgourmetcerda.com\/?s={search_term_string}"},"query-input":{"@type":"PropertyValueSpecification","valueRequired":true,"valueName":"search_term_string"}}],"inLanguage":"es"}]}},"_links":{"self":[{"href":"https:\/\/elgourmetcerda.com\/es\/wp-json\/wp\/v2\/pages\/474","targetHints":{"allow":["GET"]}}],"collection":[{"href":"https:\/\/elgourmetcerda.com\/es\/wp-json\/wp\/v2\/pages"}],"about":[{"href":"https:\/\/elgourmetcerda.com\/es\/wp-json\/wp\/v2\/types\/page"}],"author":[{"embeddable":true,"href":"https:\/\/elgourmetcerda.com\/es\/wp-json\/wp\/v2\/users\/1"}],"replies":[{"embeddable":true,"href":"https:\/\/elgourmetcerda.com\/es\/wp-json\/wp\/v2\/comments?post=474"}],"version-history":[{"count":7,"href":"https:\/\/elgourmetcerda.com\/es\/wp-json\/wp\/v2\/pages\/474\/revisions"}],"predecessor-version":[{"id":602,"href":"https:\/\/elgourmetcerda.com\/es\/wp-json\/wp\/v2\/pages\/474\/revisions\/602"}],"wp:attachment":[{"href":"https:\/\/elgourmetcerda.com\/es\/wp-json\/wp\/v2\/media?parent=474"}],"curies":[{"name":"wp","href":"https:\/\/api.w.org\/{rel}","templated":true}]}}