{"id":470,"date":"2023-10-10T13:54:46","date_gmt":"2023-10-10T11:54:46","guid":{"rendered":"http:\/\/elgourmetcerda.com\/catalogo-general\/"},"modified":"2023-11-27T10:59:33","modified_gmt":"2023-11-27T08:59:33","slug":"catalogo-general","status":"publish","type":"page","link":"https:\/\/elgourmetcerda.com\/es\/catalogo-general\/","title":{"rendered":"Cat\u00e1logo General"},"content":{"rendered":"\t\t<div data-elementor-type=\"wp-page\" data-elementor-id=\"470\" class=\"elementor elementor-470 elementor-248\" data-elementor-post-type=\"page\">\n\t\t\t\t\t\t<section class=\"elementor-section elementor-top-section elementor-element elementor-element-7ce1275f elementor-section-height-min-height elementor-section-boxed elementor-section-height-default elementor-section-items-middle\" data-id=\"7ce1275f\" data-element_type=\"section\" data-settings=\"{&quot;background_background&quot;:&quot;slideshow&quot;,&quot;background_slideshow_gallery&quot;:[{&quot;id&quot;:279,&quot;url&quot;:&quot;http:\\\/\\\/elgourmetcerda.com\\\/wp-content\\\/uploads\\\/2023\\\/10\\\/FoodExperience-23-abril144.jpg&quot;},{&quot;id&quot;:271,&quot;url&quot;:&quot;http:\\\/\\\/elgourmetcerda.com\\\/wp-content\\\/uploads\\\/2023\\\/10\\\/06578.jpg&quot;},{&quot;id&quot;:162,&quot;url&quot;:&quot;http:\\\/\\\/elgourmetcerda.com\\\/wp-content\\\/uploads\\\/2023\\\/09\\\/shutterstock_391495360.jpg&quot;},{&quot;id&quot;:275,&quot;url&quot;:&quot;http:\\\/\\\/elgourmetcerda.com\\\/wp-content\\\/uploads\\\/2023\\\/10\\\/171202_0382.jpg&quot;},{&quot;id&quot;:82,&quot;url&quot;:&quot;http:\\\/\\\/elgourmetcerda.com\\\/wp-content\\\/uploads\\\/2023\\\/08\\\/shutterstock_1906754020.jpg&quot;}],&quot;background_slideshow_lazyload&quot;:&quot;yes&quot;,&quot;background_slideshow_ken_burns&quot;:&quot;yes&quot;,&quot;background_slideshow_loop&quot;:&quot;yes&quot;,&quot;background_slideshow_slide_duration&quot;:5000,&quot;background_slideshow_slide_transition&quot;:&quot;fade&quot;,&quot;background_slideshow_transition_duration&quot;:500,&quot;background_slideshow_ken_burns_zoom_direction&quot;:&quot;in&quot;}\">\n\t\t\t\t\t\t<div class=\"elementor-container elementor-column-gap-default\">\n\t\t\t\t\t<div class=\"elementor-column elementor-col-100 elementor-top-column elementor-element elementor-element-637836bb\" data-id=\"637836bb\" data-element_type=\"column\">\n\t\t\t<div class=\"elementor-widget-wrap elementor-element-populated\">\n\t\t\t\t\t\t<div class=\"elementor-element elementor-element-ac794b7 elementor-widget elementor-widget-heading\" data-id=\"ac794b7\" data-element_type=\"widget\" data-widget_type=\"heading.default\">\n\t\t\t\t<div class=\"elementor-widget-container\">\n\t\t\t<h2 class=\"elementor-heading-title elementor-size-default\">Cat\u00e1logo General<\/h2>\t\t<\/div>\n\t\t\t\t<\/div>\n\t\t\t\t\t<\/div>\n\t\t<\/div>\n\t\t\t\t\t<\/div>\n\t\t<\/section>\n\t\t\t\t<section class=\"elementor-section elementor-top-section elementor-element elementor-element-200d5de6 elementor-section-boxed elementor-section-height-default elementor-section-height-default\" data-id=\"200d5de6\" data-element_type=\"section\">\n\t\t\t\t\t\t<div class=\"elementor-container elementor-column-gap-default\">\n\t\t\t\t\t<div class=\"elementor-column elementor-col-33 elementor-top-column elementor-element elementor-element-1700d5db\" data-id=\"1700d5db\" data-element_type=\"column\">\n\t\t\t<div class=\"elementor-widget-wrap\">\n\t\t\t\t\t\t\t<\/div>\n\t\t<\/div>\n\t\t\t\t<div class=\"elementor-column elementor-col-33 elementor-top-column elementor-element elementor-element-3461e831\" data-id=\"3461e831\" data-element_type=\"column\">\n\t\t\t<div class=\"elementor-widget-wrap elementor-element-populated\">\n\t\t\t\t\t\t<div class=\"elementor-element elementor-element-9888b elementor-widget elementor-widget-heading\" data-id=\"9888b\" data-element_type=\"widget\" data-widget_type=\"heading.default\">\n\t\t\t\t<div class=\"elementor-widget-container\">\n\t\t\t<h1 class=\"elementor-heading-title elementor-size-default\">Descubre nuestra selecci\u00f3n de productos gourmet<\/h1>\t\t<\/div>\n\t\t\t\t<\/div>\n\t\t\t\t<div class=\"elementor-element elementor-element-1ed69029 elementor-widget elementor-widget-text-editor\" data-id=\"1ed69029\" data-element_type=\"widget\" data-widget_type=\"text-editor.default\">\n\t\t\t\t<div class=\"elementor-widget-container\">\n\t\t\t\t\t\t\t<p>La b\u00fasqueda de la calidad es nuestro objetivo desde que nacimos en 2003.<\/p>\n<p>S\u00f3lo trabajamos con peque\u00f1os productores que nos aseguren esta premisa, desde ahumados con pi\u00f1a del Montseny, patos con alimentaciones controladas, primeras selecciones de anchoas del Cant\u00e1brico, quesos afinados por expertos, ostras de las mejores zonas fr\u00edas del Atl\u00e1ntico Franc\u00e9s, hasta especias de los mejores or\u00edgenes, podemos dar un servicio integral a las mejores cocinas del pa\u00eds.<\/p>\n<p>Recogemos cada semana el g\u00e9nero fresco para asegurar el mejor servicio en el restaurante y damos servicio diario a toda nuestra comarca.<\/p>\n\t\t\t\t\t\t<\/div>\n\t\t\t\t<\/div>\n\t\t\t\t\t<\/div>\n\t\t<\/div>\n\t\t\t\t<div class=\"elementor-column elementor-col-33 elementor-top-column elementor-element elementor-element-680287c3\" data-id=\"680287c3\" data-element_type=\"column\">\n\t\t\t<div class=\"elementor-widget-wrap\">\n\t\t\t\t\t\t\t<\/div>\n\t\t<\/div>\n\t\t\t\t\t<\/div>\n\t\t<\/section>\n\t\t\t\t<section class=\"elementor-section elementor-top-section elementor-element elementor-element-3453be5c elementor-section-height-min-height elementor-section-boxed elementor-section-height-default elementor-section-items-middle\" data-id=\"3453be5c\" data-element_type=\"section\" data-settings=\"{&quot;background_background&quot;:&quot;classic&quot;}\">\n\t\t\t\t\t\t<div class=\"elementor-container elementor-column-gap-default\">\n\t\t\t\t\t<div class=\"elementor-column elementor-col-100 elementor-top-column elementor-element elementor-element-4f284411\" data-id=\"4f284411\" data-element_type=\"column\">\n\t\t\t<div class=\"elementor-widget-wrap elementor-element-populated\">\n\t\t\t\t\t\t<div class=\"elementor-element elementor-element-498b0e81 elementor-widget elementor-widget-heading\" data-id=\"498b0e81\" data-element_type=\"widget\" data-widget_type=\"heading.default\">\n\t\t\t\t<div class=\"elementor-widget-container\">\n\t\t\t<h2 class=\"elementor-heading-title elementor-size-default\">Descubre nuestro cat\u00e1logo general<\/h2>\t\t<\/div>\n\t\t\t\t<\/div>\n\t\t\t\t<div class=\"elementor-element elementor-element-68dffd87 elementor-align-center elementor-widget elementor-widget-button\" data-id=\"68dffd87\" data-element_type=\"widget\" data-widget_type=\"button.default\">\n\t\t\t\t<div class=\"elementor-widget-container\">\n\t\t\t\t\t<div class=\"elementor-button-wrapper\">\n\t\t\t<a class=\"elementor-button elementor-button-link elementor-size-sm\" href=\"http:\/\/elgourmetcerda.com\/wp-content\/uploads\/2023\/11\/gourmet-cerda-cat-general.pdf\" target=\"_blank\" rel=\"nofollow\">\n\t\t\t\t\t\t<span class=\"elementor-button-content-wrapper\">\n\t\t\t\t\t\t<span class=\"elementor-button-icon\">\n\t\t\t\t<i aria-hidden=\"true\" class=\"fas fa-download\"><\/i>\t\t\t<\/span>\n\t\t\t\t\t\t\t\t\t<span class=\"elementor-button-text\">Descargar<\/span>\n\t\t\t\t\t<\/span>\n\t\t\t\t\t<\/a>\n\t\t<\/div>\n\t\t\t\t<\/div>\n\t\t\t\t<\/div>\n\t\t\t\t\t<\/div>\n\t\t<\/div>\n\t\t\t\t\t<\/div>\n\t\t<\/section>\n\t\t\t\t<section class=\"elementor-section elementor-top-section elementor-element elementor-element-4a2fc9ca elementor-section-full_width elementor-section-height-default elementor-section-height-default\" data-id=\"4a2fc9ca\" data-element_type=\"section\">\n\t\t\t\t\t\t<div class=\"elementor-container elementor-column-gap-default\">\n\t\t\t\t\t<div class=\"elementor-column elementor-col-50 elementor-top-column elementor-element elementor-element-695f2f9a\" data-id=\"695f2f9a\" data-element_type=\"column\">\n\t\t\t<div class=\"elementor-widget-wrap elementor-element-populated\">\n\t\t\t\t\t\t<div class=\"elementor-element elementor-element-3267629c elementor-cta--skin-cover elementor-cta--valign-middle elementor-animated-content elementor-bg-transform elementor-bg-transform-zoom-in elementor-widget elementor-widget-call-to-action\" data-id=\"3267629c\" data-element_type=\"widget\" data-widget_type=\"call-to-action.default\">\n\t\t\t\t<div class=\"elementor-widget-container\">\n\t\t\t\t\t<div class=\"elementor-cta\">\n\t\t\t\t\t<div class=\"elementor-cta__bg-wrapper\">\n\t\t\t\t<div class=\"elementor-cta__bg elementor-bg\" style=\"background-image: url(https:\/\/elgourmetcerda.com\/wp-content\/uploads\/elementor\/thumbs\/shutterstock_1906754020-qfrvtckff7ypk2jlmzgb04t1bs168g47fa9ukxvuk0.jpg);\" role=\"img\" aria-label=\"Italian Florentine T-bone beef meat Steak with herbs on a wooden cutting board. Dark wooden background. Top view\"><\/div>\n\t\t\t\t<div class=\"elementor-cta__bg-overlay\"><\/div>\n\t\t\t<\/div>\n\t\t\t\t\t\t\t<div class=\"elementor-cta__content\">\n\t\t\t\t\n\t\t\t\t\t\t\t\t\t<h2 class=\"elementor-cta__title elementor-cta__content-item elementor-content-item elementor-animated-item--grow\">\n\t\t\t\t\t\tCARNES\t\t\t\t\t<\/h2>\n\t\t\t\t\n\t\t\t\t\n\t\t\t\t\t\t\t\t\t<div class=\"elementor-cta__button-wrapper elementor-cta__content-item elementor-content-item elementor-animated-item--grow\">\n\t\t\t\t\t<a class=\"elementor-cta__button elementor-button elementor-size-\" href=\"http:\/\/elgourmetcerda.com\/carns\/\">\n\t\t\t\t\t\tVisitar\t\t\t\t\t<\/a>\n\t\t\t\t\t<\/div>\n\t\t\t\t\t\t\t<\/div>\n\t\t\t\t\t\t<\/div>\n\t\t\t\t<\/div>\n\t\t\t\t<\/div>\n\t\t\t\t\t<\/div>\n\t\t<\/div>\n\t\t\t\t<div class=\"elementor-column elementor-col-50 elementor-top-column elementor-element elementor-element-6b3f5d29\" data-id=\"6b3f5d29\" data-element_type=\"column\">\n\t\t\t<div class=\"elementor-widget-wrap elementor-element-populated\">\n\t\t\t\t\t\t<div class=\"elementor-element elementor-element-1a01abba elementor-cta--skin-cover elementor-cta--valign-middle elementor-animated-content elementor-bg-transform elementor-bg-transform-zoom-in elementor-widget elementor-widget-call-to-action\" data-id=\"1a01abba\" data-element_type=\"widget\" data-widget_type=\"call-to-action.default\">\n\t\t\t\t<div class=\"elementor-widget-container\">\n\t\t\t\t\t<div class=\"elementor-cta\">\n\t\t\t\t\t<div class=\"elementor-cta__bg-wrapper\">\n\t\t\t\t<div class=\"elementor-cta__bg elementor-bg\" style=\"background-image: url(https:\/\/elgourmetcerda.com\/wp-content\/uploads\/2023\/09\/shutterstock_449578963-1024x683.jpg);\" role=\"img\" aria-label=\"Row of vintage wine bottles in a wine cellar (shallow DOF; color toned image)\"><\/div>\n\t\t\t\t<div class=\"elementor-cta__bg-overlay\"><\/div>\n\t\t\t<\/div>\n\t\t\t\t\t\t\t<div class=\"elementor-cta__content\">\n\t\t\t\t\n\t\t\t\t\t\t\t\t\t<h2 class=\"elementor-cta__title elementor-cta__content-item elementor-content-item elementor-animated-item--grow\">\n\t\t\t\t\t\tVINOS\t\t\t\t\t<\/h2>\n\t\t\t\t\n\t\t\t\t\n\t\t\t\t\t\t\t\t\t<div class=\"elementor-cta__button-wrapper elementor-cta__content-item elementor-content-item elementor-animated-item--grow\">\n\t\t\t\t\t<a class=\"elementor-cta__button elementor-button elementor-size-\" href=\"http:\/\/elgourmetcerda.com\/vins\/\">\n\t\t\t\t\t\tVisitar\t\t\t\t\t<\/a>\n\t\t\t\t\t<\/div>\n\t\t\t\t\t\t\t<\/div>\n\t\t\t\t\t\t<\/div>\n\t\t\t\t<\/div>\n\t\t\t\t<\/div>\n\t\t\t\t\t<\/div>\n\t\t<\/div>\n\t\t\t\t\t<\/div>\n\t\t<\/section>\n\t\t\t\t<\/div>\n\t\t","protected":false},"excerpt":{"rendered":"<p>Descubre nuestra selecci\u00f3n de productos gourmet La b\u00fasqueda de la calidad es nuestro objetivo desde que nacimos en 2003. S\u00f3lo trabajamos con peque\u00f1os productores que nos aseguren esta premisa, desde ahumados con pi\u00f1a del Montseny, patos con alimentaciones controladas, primeras selecciones de anchoas del Cant\u00e1brico, quesos afinados por expertos, ostras de las mejores zonas fr\u00edas [&hellip;]<\/p>\n","protected":false},"author":1,"featured_media":0,"parent":0,"menu_order":0,"comment_status":"closed","ping_status":"closed","template":"elementor_header_footer","meta":{"_acf_changed":false,"footnotes":""},"class_list":["post-470","page","type-page","status-publish","hentry"],"acf":[],"yoast_head":"<!-- This site is optimized with the Yoast SEO plugin v23.5 - https:\/\/yoast.com\/wordpress\/plugins\/seo\/ -->\n<title>Cat\u00e1logo General - El Gourmet Cerd\u00e0<\/title>\n<meta name=\"description\" content=\"Desde carnes exquisitas, jugosas y cuidadosamente seleccionadas, hasta vinos con car\u00e1cter y quesos artesanales que despiertan los sentidos.\" \/>\n<meta name=\"robots\" content=\"index, follow, max-snippet:-1, max-image-preview:large, max-video-preview:-1\" \/>\n<link rel=\"canonical\" href=\"https:\/\/elgourmetcerda.com\/es\/catalogo-general\/\" \/>\n<meta property=\"og:locale\" content=\"es_ES\" \/>\n<meta property=\"og:type\" content=\"article\" \/>\n<meta property=\"og:title\" content=\"Cat\u00e1logo General - El Gourmet Cerd\u00e0\" \/>\n<meta property=\"og:description\" content=\"Desde carnes exquisitas, jugosas y cuidadosamente seleccionadas, hasta vinos con car\u00e1cter y quesos artesanales que despiertan los sentidos.\" \/>\n<meta property=\"og:url\" content=\"https:\/\/elgourmetcerda.com\/es\/catalogo-general\/\" \/>\n<meta property=\"og:site_name\" content=\"El Gourmet Cerd\u00e0\" \/>\n<meta property=\"article:modified_time\" content=\"2023-11-27T08:59:33+00:00\" \/>\n<meta property=\"og:image\" content=\"https:\/\/elgourmetcerda.com\/wp-content\/uploads\/2023\/11\/logo-blanc-300x105-1.png\" \/>\n\t<meta property=\"og:image:width\" content=\"300\" \/>\n\t<meta property=\"og:image:height\" content=\"105\" \/>\n\t<meta property=\"og:image:type\" content=\"image\/png\" \/>\n<meta name=\"twitter:card\" content=\"summary_large_image\" \/>\n<meta name=\"twitter:label1\" content=\"Tiempo de lectura\" \/>\n\t<meta name=\"twitter:data1\" content=\"1 minuto\" \/>\n<script type=\"application\/ld+json\" class=\"yoast-schema-graph\">{\"@context\":\"https:\/\/schema.org\",\"@graph\":[{\"@type\":\"WebPage\",\"@id\":\"https:\/\/elgourmetcerda.com\/es\/catalogo-general\/\",\"url\":\"https:\/\/elgourmetcerda.com\/es\/catalogo-general\/\",\"name\":\"Cat\u00e1logo General - El Gourmet Cerd\u00e0\",\"isPartOf\":{\"@id\":\"https:\/\/elgourmetcerda.com\/#website\"},\"datePublished\":\"2023-10-10T11:54:46+00:00\",\"dateModified\":\"2023-11-27T08:59:33+00:00\",\"description\":\"Desde carnes exquisitas, jugosas y cuidadosamente seleccionadas, hasta vinos con car\u00e1cter y quesos artesanales que despiertan los sentidos.\",\"breadcrumb\":{\"@id\":\"https:\/\/elgourmetcerda.com\/es\/catalogo-general\/#breadcrumb\"},\"inLanguage\":\"es\",\"potentialAction\":[{\"@type\":\"ReadAction\",\"target\":[\"https:\/\/elgourmetcerda.com\/es\/catalogo-general\/\"]}]},{\"@type\":\"BreadcrumbList\",\"@id\":\"https:\/\/elgourmetcerda.com\/es\/catalogo-general\/#breadcrumb\",\"itemListElement\":[{\"@type\":\"ListItem\",\"position\":1,\"name\":\"Inici\",\"item\":\"https:\/\/elgourmetcerda.com\/\"},{\"@type\":\"ListItem\",\"position\":2,\"name\":\"Cat\u00e1logo General\"}]},{\"@type\":\"WebSite\",\"@id\":\"https:\/\/elgourmetcerda.com\/#website\",\"url\":\"https:\/\/elgourmetcerda.com\/\",\"name\":\"El Gourmet Cerd\u00e0\",\"description\":\"La recerca del millor producte es el dia a dia de la nostra empresa\",\"potentialAction\":[{\"@type\":\"SearchAction\",\"target\":{\"@type\":\"EntryPoint\",\"urlTemplate\":\"https:\/\/elgourmetcerda.com\/?s={search_term_string}\"},\"query-input\":{\"@type\":\"PropertyValueSpecification\",\"valueRequired\":true,\"valueName\":\"search_term_string\"}}],\"inLanguage\":\"es\"}]}<\/script>\n<!-- \/ Yoast SEO plugin. -->","yoast_head_json":{"title":"Cat\u00e1logo General - El Gourmet Cerd\u00e0","description":"Desde carnes exquisitas, jugosas y cuidadosamente seleccionadas, hasta vinos con car\u00e1cter y quesos artesanales que despiertan los sentidos.","robots":{"index":"index","follow":"follow","max-snippet":"max-snippet:-1","max-image-preview":"max-image-preview:large","max-video-preview":"max-video-preview:-1"},"canonical":"https:\/\/elgourmetcerda.com\/es\/catalogo-general\/","og_locale":"es_ES","og_type":"article","og_title":"Cat\u00e1logo General - El Gourmet Cerd\u00e0","og_description":"Desde carnes exquisitas, jugosas y cuidadosamente seleccionadas, hasta vinos con car\u00e1cter y quesos artesanales que despiertan los sentidos.","og_url":"https:\/\/elgourmetcerda.com\/es\/catalogo-general\/","og_site_name":"El Gourmet Cerd\u00e0","article_modified_time":"2023-11-27T08:59:33+00:00","og_image":[{"width":300,"height":105,"url":"https:\/\/elgourmetcerda.com\/wp-content\/uploads\/2023\/11\/logo-blanc-300x105-1.png","type":"image\/png"}],"twitter_card":"summary_large_image","twitter_misc":{"Tiempo de lectura":"1 minuto"},"schema":{"@context":"https:\/\/schema.org","@graph":[{"@type":"WebPage","@id":"https:\/\/elgourmetcerda.com\/es\/catalogo-general\/","url":"https:\/\/elgourmetcerda.com\/es\/catalogo-general\/","name":"Cat\u00e1logo General - El Gourmet Cerd\u00e0","isPartOf":{"@id":"https:\/\/elgourmetcerda.com\/#website"},"datePublished":"2023-10-10T11:54:46+00:00","dateModified":"2023-11-27T08:59:33+00:00","description":"Desde carnes exquisitas, jugosas y cuidadosamente seleccionadas, hasta vinos con car\u00e1cter y quesos artesanales que despiertan los sentidos.","breadcrumb":{"@id":"https:\/\/elgourmetcerda.com\/es\/catalogo-general\/#breadcrumb"},"inLanguage":"es","potentialAction":[{"@type":"ReadAction","target":["https:\/\/elgourmetcerda.com\/es\/catalogo-general\/"]}]},{"@type":"BreadcrumbList","@id":"https:\/\/elgourmetcerda.com\/es\/catalogo-general\/#breadcrumb","itemListElement":[{"@type":"ListItem","position":1,"name":"Inici","item":"https:\/\/elgourmetcerda.com\/"},{"@type":"ListItem","position":2,"name":"Cat\u00e1logo General"}]},{"@type":"WebSite","@id":"https:\/\/elgourmetcerda.com\/#website","url":"https:\/\/elgourmetcerda.com\/","name":"El Gourmet Cerd\u00e0","description":"La recerca del millor producte es el dia a dia de la nostra empresa","potentialAction":[{"@type":"SearchAction","target":{"@type":"EntryPoint","urlTemplate":"https:\/\/elgourmetcerda.com\/?s={search_term_string}"},"query-input":{"@type":"PropertyValueSpecification","valueRequired":true,"valueName":"search_term_string"}}],"inLanguage":"es"}]}},"_links":{"self":[{"href":"https:\/\/elgourmetcerda.com\/es\/wp-json\/wp\/v2\/pages\/470","targetHints":{"allow":["GET"]}}],"collection":[{"href":"https:\/\/elgourmetcerda.com\/es\/wp-json\/wp\/v2\/pages"}],"about":[{"href":"https:\/\/elgourmetcerda.com\/es\/wp-json\/wp\/v2\/types\/page"}],"author":[{"embeddable":true,"href":"https:\/\/elgourmetcerda.com\/es\/wp-json\/wp\/v2\/users\/1"}],"replies":[{"embeddable":true,"href":"https:\/\/elgourmetcerda.com\/es\/wp-json\/wp\/v2\/comments?post=470"}],"version-history":[{"count":12,"href":"https:\/\/elgourmetcerda.com\/es\/wp-json\/wp\/v2\/pages\/470\/revisions"}],"predecessor-version":[{"id":565,"href":"https:\/\/elgourmetcerda.com\/es\/wp-json\/wp\/v2\/pages\/470\/revisions\/565"}],"wp:attachment":[{"href":"https:\/\/elgourmetcerda.com\/es\/wp-json\/wp\/v2\/media?parent=470"}],"curies":[{"name":"wp","href":"https:\/\/api.w.org\/{rel}","templated":true}]}}