{"id":466,"date":"2023-08-03T11:51:23","date_gmt":"2023-08-03T09:51:23","guid":{"rendered":"http:\/\/elgourmetcerda.com\/carnes\/"},"modified":"2023-11-27T10:59:35","modified_gmt":"2023-11-27T08:59:35","slug":"carnes","status":"publish","type":"page","link":"https:\/\/elgourmetcerda.com\/es\/carnes\/","title":{"rendered":"Carnes"},"content":{"rendered":"\t\t<div data-elementor-type=\"wp-page\" data-elementor-id=\"466\" class=\"elementor elementor-466 elementor-19\" data-elementor-post-type=\"page\">\n\t\t\t\t\t\t<section class=\"elementor-section elementor-top-section elementor-element elementor-element-d14ad57 elementor-section-height-min-height elementor-section-boxed elementor-section-height-default elementor-section-items-middle\" data-id=\"d14ad57\" data-element_type=\"section\" data-settings=\"{&quot;background_background&quot;:&quot;slideshow&quot;,&quot;background_slideshow_gallery&quot;:[{&quot;id&quot;:82,&quot;url&quot;:&quot;http:\\\/\\\/elgourmetcerda.com\\\/wp-content\\\/uploads\\\/2023\\\/08\\\/shutterstock_1906754020.jpg&quot;},{&quot;id&quot;:83,&quot;url&quot;:&quot;http:\\\/\\\/elgourmetcerda.com\\\/wp-content\\\/uploads\\\/2023\\\/08\\\/shutterstock_275493062.jpg&quot;},{&quot;id&quot;:282,&quot;url&quot;:&quot;http:\\\/\\\/elgourmetcerda.com\\\/wp-content\\\/uploads\\\/2023\\\/10\\\/IMG_0583.jpg&quot;},{&quot;id&quot;:280,&quot;url&quot;:&quot;http:\\\/\\\/elgourmetcerda.com\\\/wp-content\\\/uploads\\\/2023\\\/10\\\/FoodExperience-23-abril156.jpg&quot;}],&quot;background_slideshow_lazyload&quot;:&quot;yes&quot;,&quot;background_slideshow_ken_burns&quot;:&quot;yes&quot;,&quot;background_slideshow_loop&quot;:&quot;yes&quot;,&quot;background_slideshow_slide_duration&quot;:5000,&quot;background_slideshow_slide_transition&quot;:&quot;fade&quot;,&quot;background_slideshow_transition_duration&quot;:500,&quot;background_slideshow_ken_burns_zoom_direction&quot;:&quot;in&quot;}\">\n\t\t\t\t\t\t<div class=\"elementor-container elementor-column-gap-default\">\n\t\t\t\t\t<div class=\"elementor-column elementor-col-100 elementor-top-column elementor-element elementor-element-1cbef3c0\" data-id=\"1cbef3c0\" data-element_type=\"column\">\n\t\t\t<div class=\"elementor-widget-wrap elementor-element-populated\">\n\t\t\t\t\t\t<div class=\"elementor-element elementor-element-3c508d84 elementor-widget elementor-widget-heading\" data-id=\"3c508d84\" data-element_type=\"widget\" data-widget_type=\"heading.default\">\n\t\t\t\t<div class=\"elementor-widget-container\">\n\t\t\t<h2 class=\"elementor-heading-title elementor-size-default\">Carnes<\/h2>\t\t<\/div>\n\t\t\t\t<\/div>\n\t\t\t\t\t<\/div>\n\t\t<\/div>\n\t\t\t\t\t<\/div>\n\t\t<\/section>\n\t\t\t\t<section class=\"elementor-section elementor-top-section elementor-element elementor-element-5faea69 elementor-section-boxed elementor-section-height-default elementor-section-height-default\" data-id=\"5faea69\" data-element_type=\"section\">\n\t\t\t\t\t\t<div class=\"elementor-container elementor-column-gap-default\">\n\t\t\t\t\t<div class=\"elementor-column elementor-col-33 elementor-top-column elementor-element elementor-element-101669f9\" data-id=\"101669f9\" data-element_type=\"column\">\n\t\t\t<div class=\"elementor-widget-wrap\">\n\t\t\t\t\t\t\t<\/div>\n\t\t<\/div>\n\t\t\t\t<div class=\"elementor-column elementor-col-33 elementor-top-column elementor-element elementor-element-749303e\" data-id=\"749303e\" data-element_type=\"column\">\n\t\t\t<div class=\"elementor-widget-wrap elementor-element-populated\">\n\t\t\t\t\t\t<div class=\"elementor-element elementor-element-4e186638 elementor-widget elementor-widget-heading\" data-id=\"4e186638\" data-element_type=\"widget\" data-widget_type=\"heading.default\">\n\t\t\t\t<div class=\"elementor-widget-container\">\n\t\t\t<h1 class=\"elementor-heading-title elementor-size-default\">Los mejores productos c\u00e1rnicos de calidad gourmet de nuestra tierra<\/h1>\t\t<\/div>\n\t\t\t\t<\/div>\n\t\t\t\t<div class=\"elementor-element elementor-element-32c92a74 elementor-widget elementor-widget-text-editor\" data-id=\"32c92a74\" data-element_type=\"widget\" data-widget_type=\"text-editor.default\">\n\t\t\t\t<div class=\"elementor-widget-container\">\n\t\t\t\t\t\t\t<p>20 a\u00f1os de experiencia con un trato cercano con el profesional de la cocina y un servicio de la m\u00e1xima calidad, nos han dado la credibilidad necesaria para poder abastecer a los restaurantes de mayor prestigio.<\/p>\n<p>Expertos en cocci\u00f3n a la brasa y especialistas en la selecci\u00f3n de carne roja de primera calidad.<\/p>\n<p>Nuestra filosof\u00eda se basa en la pasi\u00f3n por las mejores piezas de vacas viejas y grasas del Norte de Espa\u00f1a, centro de Europa, Canad\u00e1, EEUU y Jap\u00f3n, repuestas en refrigeraci\u00f3n y humedad controlada, hasta conseguir su punto \u00f3ptimo de consumo y llevarlas al plato del cliente final.<\/p>\n\t\t\t\t\t\t<\/div>\n\t\t\t\t<\/div>\n\t\t\t\t\t<\/div>\n\t\t<\/div>\n\t\t\t\t<div class=\"elementor-column elementor-col-33 elementor-top-column elementor-element elementor-element-2f77d49f\" data-id=\"2f77d49f\" data-element_type=\"column\">\n\t\t\t<div class=\"elementor-widget-wrap\">\n\t\t\t\t\t\t\t<\/div>\n\t\t<\/div>\n\t\t\t\t\t<\/div>\n\t\t<\/section>\n\t\t\t\t<section class=\"elementor-section elementor-top-section elementor-element elementor-element-76e96bc2 elementor-section-height-min-height elementor-section-boxed elementor-section-height-default elementor-section-items-middle\" data-id=\"76e96bc2\" data-element_type=\"section\" data-settings=\"{&quot;background_background&quot;:&quot;classic&quot;}\">\n\t\t\t\t\t\t<div class=\"elementor-container elementor-column-gap-default\">\n\t\t\t\t\t<div class=\"elementor-column elementor-col-100 elementor-top-column elementor-element elementor-element-1c5615f4\" data-id=\"1c5615f4\" data-element_type=\"column\">\n\t\t\t<div class=\"elementor-widget-wrap elementor-element-populated\">\n\t\t\t\t\t\t<div class=\"elementor-element elementor-element-2e2a8482 elementor-widget elementor-widget-heading\" data-id=\"2e2a8482\" data-element_type=\"widget\" data-widget_type=\"heading.default\">\n\t\t\t\t<div class=\"elementor-widget-container\">\n\t\t\t<h2 class=\"elementor-heading-title elementor-size-default\">Descubre nuestro cat\u00e1logo de carnes<\/h2>\t\t<\/div>\n\t\t\t\t<\/div>\n\t\t\t\t<div class=\"elementor-element elementor-element-311066a3 elementor-align-center elementor-widget elementor-widget-button\" data-id=\"311066a3\" data-element_type=\"widget\" data-widget_type=\"button.default\">\n\t\t\t\t<div class=\"elementor-widget-container\">\n\t\t\t\t\t<div class=\"elementor-button-wrapper\">\n\t\t\t<a class=\"elementor-button elementor-button-link elementor-size-sm\" href=\"http:\/\/elgourmetcerda.com\/wp-content\/uploads\/2023\/11\/gourmet-cerda-cat-carns.pdf\" target=\"_blank\" rel=\"nofollow\">\n\t\t\t\t\t\t<span class=\"elementor-button-content-wrapper\">\n\t\t\t\t\t\t<span class=\"elementor-button-icon\">\n\t\t\t\t<i aria-hidden=\"true\" class=\"fas fa-download\"><\/i>\t\t\t<\/span>\n\t\t\t\t\t\t\t\t\t<span class=\"elementor-button-text\">Descargar<\/span>\n\t\t\t\t\t<\/span>\n\t\t\t\t\t<\/a>\n\t\t<\/div>\n\t\t\t\t<\/div>\n\t\t\t\t<\/div>\n\t\t\t\t\t<\/div>\n\t\t<\/div>\n\t\t\t\t\t<\/div>\n\t\t<\/section>\n\t\t\t\t<section class=\"elementor-section elementor-top-section elementor-element elementor-element-25627076 elementor-section-full_width elementor-section-height-default elementor-section-height-default\" data-id=\"25627076\" data-element_type=\"section\">\n\t\t\t\t\t\t<div class=\"elementor-container elementor-column-gap-default\">\n\t\t\t\t\t<div class=\"elementor-column elementor-col-50 elementor-top-column elementor-element elementor-element-3ea0ce55\" data-id=\"3ea0ce55\" data-element_type=\"column\">\n\t\t\t<div class=\"elementor-widget-wrap elementor-element-populated\">\n\t\t\t\t\t\t<div class=\"elementor-element elementor-element-7d7c6bc8 elementor-cta--skin-cover elementor-cta--valign-middle elementor-animated-content elementor-bg-transform elementor-bg-transform-zoom-in elementor-widget elementor-widget-call-to-action\" data-id=\"7d7c6bc8\" data-element_type=\"widget\" data-widget_type=\"call-to-action.default\">\n\t\t\t\t<div class=\"elementor-widget-container\">\n\t\t\t\t\t<div class=\"elementor-cta\">\n\t\t\t\t\t<div class=\"elementor-cta__bg-wrapper\">\n\t\t\t\t<div class=\"elementor-cta__bg elementor-bg\" style=\"background-image: url(https:\/\/elgourmetcerda.com\/wp-content\/uploads\/elementor\/thumbs\/shutterstock_391495360-qfrvtbml8dxf8gkysh1ofn1kqe5t0r0h35md3nx8q8.jpg);\" role=\"img\" aria-label=\"White wine pouring into glasses, closeup\"><\/div>\n\t\t\t\t<div class=\"elementor-cta__bg-overlay\"><\/div>\n\t\t\t<\/div>\n\t\t\t\t\t\t\t<div class=\"elementor-cta__content\">\n\t\t\t\t\n\t\t\t\t\t\t\t\t\t<h2 class=\"elementor-cta__title elementor-cta__content-item elementor-content-item elementor-animated-item--grow\">\n\t\t\t\t\t\tCat\u00e1logo de Vinos\t\t\t\t\t<\/h2>\n\t\t\t\t\n\t\t\t\t\n\t\t\t\t\t\t\t\t\t<div class=\"elementor-cta__button-wrapper elementor-cta__content-item elementor-content-item elementor-animated-item--grow\">\n\t\t\t\t\t<a class=\"elementor-cta__button elementor-button elementor-size-\" href=\"http:\/\/elgourmetcerda.com\/vins\/\">\n\t\t\t\t\t\tVisitar\t\t\t\t\t<\/a>\n\t\t\t\t\t<\/div>\n\t\t\t\t\t\t\t<\/div>\n\t\t\t\t\t\t<\/div>\n\t\t\t\t<\/div>\n\t\t\t\t<\/div>\n\t\t\t\t\t<\/div>\n\t\t<\/div>\n\t\t\t\t<div class=\"elementor-column elementor-col-50 elementor-top-column elementor-element elementor-element-5415e8ee\" data-id=\"5415e8ee\" data-element_type=\"column\">\n\t\t\t<div class=\"elementor-widget-wrap elementor-element-populated\">\n\t\t\t\t\t\t<div class=\"elementor-element elementor-element-783027d3 elementor-cta--skin-cover elementor-cta--valign-middle elementor-animated-content elementor-bg-transform elementor-bg-transform-zoom-in elementor-widget elementor-widget-call-to-action\" data-id=\"783027d3\" data-element_type=\"widget\" data-widget_type=\"call-to-action.default\">\n\t\t\t\t<div class=\"elementor-widget-container\">\n\t\t\t\t\t<div class=\"elementor-cta\">\n\t\t\t\t\t<div class=\"elementor-cta__bg-wrapper\">\n\t\t\t\t<div class=\"elementor-cta__bg elementor-bg\" style=\"background-image: url(https:\/\/elgourmetcerda.com\/wp-content\/uploads\/2023\/10\/FoodExperience-23-abril144-1024x683.jpg);\" role=\"img\" aria-label=\"FoodExperience-23-abril144\"><\/div>\n\t\t\t\t<div class=\"elementor-cta__bg-overlay\"><\/div>\n\t\t\t<\/div>\n\t\t\t\t\t\t\t<div class=\"elementor-cta__content\">\n\t\t\t\t\n\t\t\t\t\t\t\t\t\t<h2 class=\"elementor-cta__title elementor-cta__content-item elementor-content-item elementor-animated-item--grow\">\n\t\t\t\t\t\tCat\u00e1logo General\t\t\t\t\t<\/h2>\n\t\t\t\t\n\t\t\t\t\n\t\t\t\t\t\t\t\t\t<div class=\"elementor-cta__button-wrapper elementor-cta__content-item elementor-content-item elementor-animated-item--grow\">\n\t\t\t\t\t<a class=\"elementor-cta__button elementor-button elementor-size-\" href=\"http:\/\/elgourmetcerda.com\/cataleg-general\/\">\n\t\t\t\t\t\tVisitar\t\t\t\t\t<\/a>\n\t\t\t\t\t<\/div>\n\t\t\t\t\t\t\t<\/div>\n\t\t\t\t\t\t<\/div>\n\t\t\t\t<\/div>\n\t\t\t\t<\/div>\n\t\t\t\t\t<\/div>\n\t\t<\/div>\n\t\t\t\t\t<\/div>\n\t\t<\/section>\n\t\t\t\t<\/div>\n\t\t","protected":false},"excerpt":{"rendered":"<p>Los mejores productos c\u00e1rnicos de calidad gourmet de nuestra tierra 20 a\u00f1os de experiencia con un trato cercano con el profesional de la cocina y un servicio de la m\u00e1xima calidad, nos han dado la credibilidad necesaria para poder abastecer a los restaurantes de mayor prestigio. Expertos en cocci\u00f3n a la brasa y especialistas en [&hellip;]<\/p>\n","protected":false},"author":1,"featured_media":0,"parent":0,"menu_order":0,"comment_status":"closed","ping_status":"closed","template":"elementor_header_footer","meta":{"_acf_changed":false,"footnotes":""},"class_list":["post-466","page","type-page","status-publish","hentry"],"acf":[],"yoast_head":"<!-- This site is optimized with the Yoast SEO plugin v23.5 - https:\/\/yoast.com\/wordpress\/plugins\/seo\/ -->\n<title>Carnes - El Gourmet Cerd\u00e0<\/title>\n<meta name=\"description\" content=\"Disfruta de nuestra amplia selecci\u00f3n de las mejores carnes y derivados c\u00e1rnicos de calidad gourmet de nuestra tierra.\" \/>\n<meta name=\"robots\" content=\"index, follow, max-snippet:-1, max-image-preview:large, max-video-preview:-1\" \/>\n<link rel=\"canonical\" href=\"https:\/\/elgourmetcerda.com\/es\/carnes\/\" \/>\n<meta property=\"og:locale\" content=\"es_ES\" \/>\n<meta property=\"og:type\" content=\"article\" \/>\n<meta property=\"og:title\" content=\"Carnes - El Gourmet Cerd\u00e0\" \/>\n<meta property=\"og:description\" content=\"Disfruta de nuestra amplia selecci\u00f3n de las mejores carnes y derivados c\u00e1rnicos de calidad gourmet de nuestra tierra.\" \/>\n<meta property=\"og:url\" content=\"https:\/\/elgourmetcerda.com\/es\/carnes\/\" \/>\n<meta property=\"og:site_name\" content=\"El Gourmet Cerd\u00e0\" \/>\n<meta property=\"article:modified_time\" content=\"2023-11-27T08:59:35+00:00\" \/>\n<meta property=\"og:image\" content=\"https:\/\/elgourmetcerda.com\/wp-content\/uploads\/2023\/11\/logo-blanc-300x105-1.png\" \/>\n\t<meta property=\"og:image:width\" content=\"300\" \/>\n\t<meta property=\"og:image:height\" content=\"105\" \/>\n\t<meta property=\"og:image:type\" content=\"image\/png\" \/>\n<meta name=\"twitter:card\" content=\"summary_large_image\" \/>\n<meta name=\"twitter:label1\" content=\"Tiempo de lectura\" \/>\n\t<meta name=\"twitter:data1\" content=\"1 minuto\" \/>\n<script type=\"application\/ld+json\" class=\"yoast-schema-graph\">{\"@context\":\"https:\/\/schema.org\",\"@graph\":[{\"@type\":\"WebPage\",\"@id\":\"https:\/\/elgourmetcerda.com\/es\/carnes\/\",\"url\":\"https:\/\/elgourmetcerda.com\/es\/carnes\/\",\"name\":\"Carnes - El Gourmet Cerd\u00e0\",\"isPartOf\":{\"@id\":\"https:\/\/elgourmetcerda.com\/#website\"},\"datePublished\":\"2023-08-03T09:51:23+00:00\",\"dateModified\":\"2023-11-27T08:59:35+00:00\",\"description\":\"Disfruta de nuestra amplia selecci\u00f3n de las mejores carnes y derivados c\u00e1rnicos de calidad gourmet de nuestra tierra.\",\"breadcrumb\":{\"@id\":\"https:\/\/elgourmetcerda.com\/es\/carnes\/#breadcrumb\"},\"inLanguage\":\"es\",\"potentialAction\":[{\"@type\":\"ReadAction\",\"target\":[\"https:\/\/elgourmetcerda.com\/es\/carnes\/\"]}]},{\"@type\":\"BreadcrumbList\",\"@id\":\"https:\/\/elgourmetcerda.com\/es\/carnes\/#breadcrumb\",\"itemListElement\":[{\"@type\":\"ListItem\",\"position\":1,\"name\":\"Inici\",\"item\":\"https:\/\/elgourmetcerda.com\/\"},{\"@type\":\"ListItem\",\"position\":2,\"name\":\"Carnes\"}]},{\"@type\":\"WebSite\",\"@id\":\"https:\/\/elgourmetcerda.com\/#website\",\"url\":\"https:\/\/elgourmetcerda.com\/\",\"name\":\"El Gourmet Cerd\u00e0\",\"description\":\"La recerca del millor producte es el dia a dia de la nostra empresa\",\"potentialAction\":[{\"@type\":\"SearchAction\",\"target\":{\"@type\":\"EntryPoint\",\"urlTemplate\":\"https:\/\/elgourmetcerda.com\/?s={search_term_string}\"},\"query-input\":{\"@type\":\"PropertyValueSpecification\",\"valueRequired\":true,\"valueName\":\"search_term_string\"}}],\"inLanguage\":\"es\"}]}<\/script>\n<!-- \/ Yoast SEO plugin. -->","yoast_head_json":{"title":"Carnes - El Gourmet Cerd\u00e0","description":"Disfruta de nuestra amplia selecci\u00f3n de las mejores carnes y derivados c\u00e1rnicos de calidad gourmet de nuestra tierra.","robots":{"index":"index","follow":"follow","max-snippet":"max-snippet:-1","max-image-preview":"max-image-preview:large","max-video-preview":"max-video-preview:-1"},"canonical":"https:\/\/elgourmetcerda.com\/es\/carnes\/","og_locale":"es_ES","og_type":"article","og_title":"Carnes - El Gourmet Cerd\u00e0","og_description":"Disfruta de nuestra amplia selecci\u00f3n de las mejores carnes y derivados c\u00e1rnicos de calidad gourmet de nuestra tierra.","og_url":"https:\/\/elgourmetcerda.com\/es\/carnes\/","og_site_name":"El Gourmet Cerd\u00e0","article_modified_time":"2023-11-27T08:59:35+00:00","og_image":[{"width":300,"height":105,"url":"https:\/\/elgourmetcerda.com\/wp-content\/uploads\/2023\/11\/logo-blanc-300x105-1.png","type":"image\/png"}],"twitter_card":"summary_large_image","twitter_misc":{"Tiempo de lectura":"1 minuto"},"schema":{"@context":"https:\/\/schema.org","@graph":[{"@type":"WebPage","@id":"https:\/\/elgourmetcerda.com\/es\/carnes\/","url":"https:\/\/elgourmetcerda.com\/es\/carnes\/","name":"Carnes - El Gourmet Cerd\u00e0","isPartOf":{"@id":"https:\/\/elgourmetcerda.com\/#website"},"datePublished":"2023-08-03T09:51:23+00:00","dateModified":"2023-11-27T08:59:35+00:00","description":"Disfruta de nuestra amplia selecci\u00f3n de las mejores carnes y derivados c\u00e1rnicos de calidad gourmet de nuestra tierra.","breadcrumb":{"@id":"https:\/\/elgourmetcerda.com\/es\/carnes\/#breadcrumb"},"inLanguage":"es","potentialAction":[{"@type":"ReadAction","target":["https:\/\/elgourmetcerda.com\/es\/carnes\/"]}]},{"@type":"BreadcrumbList","@id":"https:\/\/elgourmetcerda.com\/es\/carnes\/#breadcrumb","itemListElement":[{"@type":"ListItem","position":1,"name":"Inici","item":"https:\/\/elgourmetcerda.com\/"},{"@type":"ListItem","position":2,"name":"Carnes"}]},{"@type":"WebSite","@id":"https:\/\/elgourmetcerda.com\/#website","url":"https:\/\/elgourmetcerda.com\/","name":"El Gourmet Cerd\u00e0","description":"La recerca del millor producte es el dia a dia de la nostra empresa","potentialAction":[{"@type":"SearchAction","target":{"@type":"EntryPoint","urlTemplate":"https:\/\/elgourmetcerda.com\/?s={search_term_string}"},"query-input":{"@type":"PropertyValueSpecification","valueRequired":true,"valueName":"search_term_string"}}],"inLanguage":"es"}]}},"_links":{"self":[{"href":"https:\/\/elgourmetcerda.com\/es\/wp-json\/wp\/v2\/pages\/466","targetHints":{"allow":["GET"]}}],"collection":[{"href":"https:\/\/elgourmetcerda.com\/es\/wp-json\/wp\/v2\/pages"}],"about":[{"href":"https:\/\/elgourmetcerda.com\/es\/wp-json\/wp\/v2\/types\/page"}],"author":[{"embeddable":true,"href":"https:\/\/elgourmetcerda.com\/es\/wp-json\/wp\/v2\/users\/1"}],"replies":[{"embeddable":true,"href":"https:\/\/elgourmetcerda.com\/es\/wp-json\/wp\/v2\/comments?post=466"}],"version-history":[{"count":15,"href":"https:\/\/elgourmetcerda.com\/es\/wp-json\/wp\/v2\/pages\/466\/revisions"}],"predecessor-version":[{"id":567,"href":"https:\/\/elgourmetcerda.com\/es\/wp-json\/wp\/v2\/pages\/466\/revisions\/567"}],"wp:attachment":[{"href":"https:\/\/elgourmetcerda.com\/es\/wp-json\/wp\/v2\/media?parent=466"}],"curies":[{"name":"wp","href":"https:\/\/api.w.org\/{rel}","templated":true}]}}